{"id":1078,"date":"2020-04-26T20:25:01","date_gmt":"2020-04-26T20:25:01","guid":{"rendered":"https:\/\/stanzautomation.de\/?page_id=1078"},"modified":"2020-11-13T19:54:48","modified_gmt":"2020-11-13T19:54:48","slug":"baureihe-psm-highlights","status":"publish","type":"page","link":"https:\/\/stanzautomation.de\/en\/baureihe-psm-highlights","title":{"rendered":"Baureihe PSM Highlights"},"content":{"rendered":"<div data-elementor-type=\"wp-page\" data-elementor-id=\"1078\" class=\"elementor elementor-1078\" data-elementor-post-type=\"page\">\n\t\t\t\t\t\t<section class=\"elementor-section elementor-top-section elementor-element elementor-element-be521d5 elementor-section-stretched elementor-section-full_width elementor-section-height-default elementor-section-height-default\" data-id=\"be521d5\" data-element_type=\"section\" data-settings=\"{&quot;stretch_section&quot;:&quot;section-stretched&quot;,&quot;background_background&quot;:&quot;classic&quot;}\">\n\t\t\t\t\t\t<div class=\"elementor-container elementor-column-gap-default\">\n\t\t\t\t\t<div class=\"elementor-column elementor-col-100 elementor-top-column elementor-element elementor-element-68305a1a\" data-id=\"68305a1a\" data-element_type=\"column\" data-settings=\"{&quot;background_background&quot;:&quot;classic&quot;}\">\n\t\t\t<div class=\"elementor-widget-wrap elementor-element-populated\">\n\t\t\t\t\t\t<div class=\"elementor-element elementor-element-151ce22f elementor-widget elementor-widget-text-editor\" data-id=\"151ce22f\" data-element_type=\"widget\" data-widget_type=\"text-editor.default\">\n\t\t\t\t<div class=\"elementor-widget-container\">\n\t\t\t\t\t\t\t\t\t\n<div style=\"height:100px\" aria-hidden=\"true\" class=\"wp-block-spacer\"><\/div>\n\t\t\t\t\t\t\t\t<\/div>\n\t\t\t\t<\/div>\n\t\t\t\t\t<\/div>\n\t\t<\/div>\n\t\t\t\t\t<\/div>\n\t\t<\/section>\n\t\t\t\t<section class=\"elementor-section elementor-top-section elementor-element elementor-element-6f1e1edd elementor-section-stretched elementor-section-full_width elementor-section-height-default elementor-section-height-default\" data-id=\"6f1e1edd\" data-element_type=\"section\" data-settings=\"{&quot;stretch_section&quot;:&quot;section-stretched&quot;}\">\n\t\t\t\t\t\t<div class=\"elementor-container elementor-column-gap-default\">\n\t\t\t\t\t<div class=\"elementor-column elementor-col-100 elementor-top-column elementor-element elementor-element-66c9fae4\" data-id=\"66c9fae4\" data-element_type=\"column\">\n\t\t\t<div class=\"elementor-widget-wrap elementor-element-populated\">\n\t\t\t\t\t\t<div class=\"elementor-element elementor-element-200a34bb elementor-widget elementor-widget-spacer\" data-id=\"200a34bb\" data-element_type=\"widget\" data-widget_type=\"spacer.default\">\n\t\t\t\t<div class=\"elementor-widget-container\">\n\t\t\t\t\t\t\t<div class=\"elementor-spacer\">\n\t\t\t<div class=\"elementor-spacer-inner\"><\/div>\n\t\t<\/div>\n\t\t\t\t\t\t<\/div>\n\t\t\t\t<\/div>\n\t\t\t\t<section class=\"elementor-section elementor-inner-section elementor-element elementor-element-440d5dfa elementor-section-boxed elementor-section-height-default elementor-section-height-default\" data-id=\"440d5dfa\" data-element_type=\"section\">\n\t\t\t\t\t\t<div class=\"elementor-container elementor-column-gap-default\">\n\t\t\t\t\t<div class=\"elementor-column elementor-col-100 elementor-inner-column elementor-element elementor-element-34a7a74c z_index_content\" data-id=\"34a7a74c\" data-element_type=\"column\" data-settings=\"{&quot;background_background&quot;:&quot;classic&quot;}\">\n\t\t\t<div class=\"elementor-widget-wrap elementor-element-populated\">\n\t\t\t\t\t\t<div class=\"elementor-element elementor-element-3ac32380 elementor-widget elementor-widget-heading\" data-id=\"3ac32380\" data-element_type=\"widget\" data-widget_type=\"heading.default\">\n\t\t\t\t<div class=\"elementor-widget-container\">\n\t\t\t\t\t<h1 class=\"elementor-heading-title elementor-size-default\">Resistance welding machines<\/h1>\t\t\t\t<\/div>\n\t\t\t\t<\/div>\n\t\t\t\t<div class=\"elementor-element elementor-element-30b8f04 elementor-widget elementor-widget-heading\" data-id=\"30b8f04\" data-element_type=\"widget\" data-widget_type=\"heading.default\">\n\t\t\t\t<div class=\"elementor-widget-container\">\n\t\t\t\t\t<h2 class=\"elementor-heading-title elementor-size-default\">PSM Series<\/h2>\t\t\t\t<\/div>\n\t\t\t\t<\/div>\n\t\t\t\t<div class=\"elementor-element elementor-element-64cc7e3 elementor-nav-menu--dropdown-tablet elementor-nav-menu__text-align-aside elementor-nav-menu--toggle elementor-nav-menu--burger elementor-widget elementor-widget-nav-menu\" data-id=\"64cc7e3\" data-element_type=\"widget\" data-settings=\"{&quot;submenu_icon&quot;:{&quot;value&quot;:&quot;&lt;i class=\\&quot;fas fa-chevron-down\\&quot;&gt;&lt;\\\/i&gt;&quot;,&quot;library&quot;:&quot;fa-solid&quot;},&quot;layout&quot;:&quot;horizontal&quot;,&quot;toggle&quot;:&quot;burger&quot;}\" data-widget_type=\"nav-menu.default\">\n\t\t\t\t<div class=\"elementor-widget-container\">\n\t\t\t\t\t\t\t\t<nav aria-label=\"Menu\" class=\"elementor-nav-menu--main elementor-nav-menu__container elementor-nav-menu--layout-horizontal e--pointer-underline e--animation-fade\">\n\t\t\t\t<ul id=\"menu-1-64cc7e3\" class=\"elementor-nav-menu\"><li class=\"menu-item menu-item-type-post_type menu-item-object-page menu-item-1101\"><a href=\"https:\/\/stanzautomation.de\/en\/baureihe-psm-highlights\" class=\"elementor-item\">Highlights<\/a><\/li>\n<li class=\"menu-item menu-item-type-post_type menu-item-object-page menu-item-1128\"><a href=\"https:\/\/stanzautomation.de\/en\/baureihe-psm-konfigurationen\" class=\"elementor-item\">Configurations<\/a><\/li>\n<li class=\"menu-item menu-item-type-post_type menu-item-object-page menu-item-4288\"><a href=\"https:\/\/stanzautomation.de\/en\/baureihe-psm-videos\" class=\"elementor-item\">Videos<\/a><\/li>\n<li class=\"menu-item menu-item-type-post_type menu-item-object-page menu-item-1129\"><a href=\"https:\/\/stanzautomation.de\/en\/baureihe-psm-wirtschaftlichkeitsberechnung\" class=\"elementor-item\">Economic efficiency calculation<\/a><\/li>\n<\/ul>\t\t\t<\/nav>\n\t\t\t\t\t<div class=\"elementor-menu-toggle\" role=\"button\" tabindex=\"0\" aria-label=\"Menu Toggle\" aria-expanded=\"false\">\n\t\t\t<i aria-hidden=\"true\" role=\"presentation\" class=\"elementor-menu-toggle__icon--open eicon-menu-bar\"><\/i><i aria-hidden=\"true\" role=\"presentation\" class=\"elementor-menu-toggle__icon--close eicon-close\"><\/i>\t\t<\/div>\n\t\t\t\t\t<nav class=\"elementor-nav-menu--dropdown elementor-nav-menu__container\" aria-hidden=\"true\">\n\t\t\t\t<ul id=\"menu-2-64cc7e3\" class=\"elementor-nav-menu\"><li class=\"menu-item menu-item-type-post_type menu-item-object-page menu-item-1101\"><a href=\"https:\/\/stanzautomation.de\/en\/baureihe-psm-highlights\" class=\"elementor-item\" tabindex=\"-1\">Highlights<\/a><\/li>\n<li class=\"menu-item menu-item-type-post_type menu-item-object-page menu-item-1128\"><a href=\"https:\/\/stanzautomation.de\/en\/baureihe-psm-konfigurationen\" class=\"elementor-item\" tabindex=\"-1\">Configurations<\/a><\/li>\n<li class=\"menu-item menu-item-type-post_type menu-item-object-page menu-item-4288\"><a href=\"https:\/\/stanzautomation.de\/en\/baureihe-psm-videos\" class=\"elementor-item\" tabindex=\"-1\">Videos<\/a><\/li>\n<li class=\"menu-item menu-item-type-post_type menu-item-object-page menu-item-1129\"><a href=\"https:\/\/stanzautomation.de\/en\/baureihe-psm-wirtschaftlichkeitsberechnung\" class=\"elementor-item\" tabindex=\"-1\">Economic efficiency calculation<\/a><\/li>\n<\/ul>\t\t\t<\/nav>\n\t\t\t\t\t\t<\/div>\n\t\t\t\t<\/div>\n\t\t\t\t<div class=\"elementor-element elementor-element-753cd899 elementor-widget-divider--view-line elementor-widget elementor-widget-divider\" data-id=\"753cd899\" data-element_type=\"widget\" data-widget_type=\"divider.default\">\n\t\t\t\t<div class=\"elementor-widget-container\">\n\t\t\t\t\t\t\t<div class=\"elementor-divider\">\n\t\t\t<span class=\"elementor-divider-separator\">\n\t\t\t\t\t\t<\/span>\n\t\t<\/div>\n\t\t\t\t\t\t<\/div>\n\t\t\t\t<\/div>\n\t\t\t\t\t<\/div>\n\t\t<\/div>\n\t\t\t\t\t<\/div>\n\t\t<\/section>\n\t\t\t\t<section class=\"elementor-section elementor-inner-section elementor-element elementor-element-4cb81561 elementor-section-boxed elementor-section-height-default elementor-section-height-default\" data-id=\"4cb81561\" data-element_type=\"section\" data-settings=\"{&quot;background_background&quot;:&quot;classic&quot;}\">\n\t\t\t\t\t\t<div class=\"elementor-container elementor-column-gap-default\">\n\t\t\t\t\t<div class=\"elementor-column elementor-col-50 elementor-inner-column elementor-element elementor-element-1ffcd864\" data-id=\"1ffcd864\" data-element_type=\"column\" data-settings=\"{&quot;background_background&quot;:&quot;classic&quot;}\">\n\t\t\t<div class=\"elementor-widget-wrap elementor-element-populated\">\n\t\t\t\t\t\t<div class=\"elementor-element elementor-element-3b9104a0 elementor-widget elementor-widget-image\" data-id=\"3b9104a0\" data-element_type=\"widget\" data-widget_type=\"image.default\">\n\t\t\t\t<div class=\"elementor-widget-container\">\n\t\t\t\t\t\t\t\t\t\t\t\t\t\t\t<img loading=\"lazy\" decoding=\"async\" width=\"525\" height=\"525\" src=\"https:\/\/stanzautomation.de\/wp-content\/uploads\/2020\/04\/psm120_.jpg\" class=\"attachment-large size-large wp-image-1081\" alt=\"\" srcset=\"https:\/\/stanzautomation.de\/wp-content\/uploads\/2020\/04\/psm120_.jpg 1000w, https:\/\/stanzautomation.de\/wp-content\/uploads\/2020\/04\/psm120_-300x300.jpg 300w, https:\/\/stanzautomation.de\/wp-content\/uploads\/2020\/04\/psm120_-150x150.jpg 150w, https:\/\/stanzautomation.de\/wp-content\/uploads\/2020\/04\/psm120_-768x768.jpg 768w, https:\/\/stanzautomation.de\/wp-content\/uploads\/2020\/04\/psm120_-12x12.jpg 12w, https:\/\/stanzautomation.de\/wp-content\/uploads\/2020\/04\/psm120_-100x100.jpg 100w\" sizes=\"auto, 100vw\" \/>\t\t\t\t\t\t\t\t\t\t\t\t\t\t\t<\/div>\n\t\t\t\t<\/div>\n\t\t\t\t\t<\/div>\n\t\t<\/div>\n\t\t\t\t<div class=\"elementor-column elementor-col-50 elementor-inner-column elementor-element elementor-element-6aa03ef6 z_index_content\" data-id=\"6aa03ef6\" data-element_type=\"column\" data-settings=\"{&quot;background_background&quot;:&quot;classic&quot;}\">\n\t\t\t<div class=\"elementor-widget-wrap elementor-element-populated\">\n\t\t\t\t\t\t<div class=\"elementor-element elementor-element-33a1f78 elementor-widget elementor-widget-heading\" data-id=\"33a1f78\" data-element_type=\"widget\" data-widget_type=\"heading.default\">\n\t\t\t\t<div class=\"elementor-widget-container\">\n\t\t\t\t\t<h3 class=\"elementor-heading-title elementor-size-default\">Highlights<\/h3>\t\t\t\t<\/div>\n\t\t\t\t<\/div>\n\t\t\t\t<div class=\"elementor-element elementor-element-1448dcc8 elementor-widget elementor-widget-text-editor\" data-id=\"1448dcc8\" data-element_type=\"widget\" data-widget_type=\"text-editor.default\">\n\t\t\t\t<div class=\"elementor-widget-container\">\n\t\t\t\t\t\t\t\t\t<p>In close collaboration with their design and manufacturing department, Leicht Stanzautomation provides solutions for the requirements of your production process with regards to the weld seam.<\/p><p>Welded joints of the highest quality with strict requirements for the formability of the weld seam guarantee uninterrupted production in the\nprocessing of un-stamped and pre-stamped strips.<\/p>\t\t\t\t\t\t\t\t<\/div>\n\t\t\t\t<\/div>\n\t\t\t\t<div class=\"elementor-element elementor-element-438761ad elementor-widget elementor-widget-accordion\" data-id=\"438761ad\" data-element_type=\"widget\" data-widget_type=\"accordion.default\">\n\t\t\t\t<div class=\"elementor-widget-container\">\n\t\t\t\t\t\t\t<div class=\"elementor-accordion\">\n\t\t\t\t\t\t\t<div class=\"elementor-accordion-item\">\n\t\t\t\t\t<div id=\"elementor-tab-title-1131\" class=\"elementor-tab-title\" data-tab=\"1\" role=\"button\" aria-controls=\"elementor-tab-content-1131\" aria-expanded=\"false\">\n\t\t\t\t\t\t\t\t\t\t\t\t\t<span class=\"elementor-accordion-icon elementor-accordion-icon-left\" aria-hidden=\"true\">\n\t\t\t\t\t\t\t\t\t\t\t\t\t\t\t<span class=\"elementor-accordion-icon-closed\"><i class=\"fas fa-chevron-down\"><\/i><\/span>\n\t\t\t\t\t\t\t\t<span class=\"elementor-accordion-icon-opened\"><i class=\"fas fa-minus\"><\/i><\/span>\n\t\t\t\t\t\t\t\t\t\t\t\t\t\t<\/span>\n\t\t\t\t\t\t\t\t\t\t\t\t<a class=\"elementor-accordion-title\" tabindex=\"0\">Keeping the pitch within very small tolerances<\/a>\n\t\t\t\t\t<\/div>\n\t\t\t\t\t<div id=\"elementor-tab-content-1131\" class=\"elementor-tab-content elementor-clearfix\" data-tab=\"1\" role=\"region\" aria-labelledby=\"elementor-tab-title-1131\"><p style=\"margin-top: 20px\"><img loading=\"lazy\" decoding=\"async\" class=\"alignnone size-medium wp-image-1083\" src=\"https:\/\/stanzautomation.de\/wp-content\/uploads\/2020\/04\/mg_9274blau-300x169.jpg\" alt=\"\" width=\"300\" height=\"169\" srcset=\"https:\/\/stanzautomation.de\/wp-content\/uploads\/2020\/04\/mg_9274blau-300x169.jpg 300w, https:\/\/stanzautomation.de\/wp-content\/uploads\/2020\/04\/mg_9274blau-768x432.jpg 768w, https:\/\/stanzautomation.de\/wp-content\/uploads\/2020\/04\/mg_9274blau.jpg 1000w\" sizes=\"auto, (max-width: 300px) 100vw, 300px\" \/> <img loading=\"lazy\" decoding=\"async\" class=\"alignnone size-medium wp-image-1084\" src=\"https:\/\/stanzautomation.de\/wp-content\/uploads\/2020\/04\/mg_9844-300x169.jpg\" alt=\"\" width=\"300\" height=\"169\" srcset=\"https:\/\/stanzautomation.de\/wp-content\/uploads\/2020\/04\/mg_9844-300x169.jpg 300w, https:\/\/stanzautomation.de\/wp-content\/uploads\/2020\/04\/mg_9844-768x432.jpg 768w, https:\/\/stanzautomation.de\/wp-content\/uploads\/2020\/04\/mg_9844.jpg 1000w\" sizes=\"auto, (max-width: 300px) 100vw, 300px\" \/> <img loading=\"lazy\" decoding=\"async\" class=\"alignnone size-medium wp-image-1085\" src=\"https:\/\/stanzautomation.de\/wp-content\/uploads\/2020\/04\/img_9352-300x169.jpg\" alt=\"\" width=\"300\" height=\"169\" srcset=\"https:\/\/stanzautomation.de\/wp-content\/uploads\/2020\/04\/img_9352-300x169.jpg 300w, https:\/\/stanzautomation.de\/wp-content\/uploads\/2020\/04\/img_9352-768x432.jpg 768w, https:\/\/stanzautomation.de\/wp-content\/uploads\/2020\/04\/img_9352.jpg 1000w\" sizes=\"auto, (max-width: 300px) 100vw, 300px\" \/> <img loading=\"lazy\" decoding=\"async\" class=\"alignnone size-medium wp-image-1086\" src=\"https:\/\/stanzautomation.de\/wp-content\/uploads\/2020\/04\/img_9354_0-300x169.jpg\" alt=\"\" width=\"300\" height=\"169\" srcset=\"https:\/\/stanzautomation.de\/wp-content\/uploads\/2020\/04\/img_9354_0-300x169.jpg 300w, https:\/\/stanzautomation.de\/wp-content\/uploads\/2020\/04\/img_9354_0-768x432.jpg 768w, https:\/\/stanzautomation.de\/wp-content\/uploads\/2020\/04\/img_9354_0.jpg 1000w\" sizes=\"auto, (max-width: 300px) 100vw, 300px\" \/><\/p><\/div>\n\t\t\t\t<\/div>\n\t\t\t\t\t\t\t<div class=\"elementor-accordion-item\">\n\t\t\t\t\t<div id=\"elementor-tab-title-1132\" class=\"elementor-tab-title\" data-tab=\"2\" role=\"button\" aria-controls=\"elementor-tab-content-1132\" aria-expanded=\"false\">\n\t\t\t\t\t\t\t\t\t\t\t\t\t<span class=\"elementor-accordion-icon elementor-accordion-icon-left\" aria-hidden=\"true\">\n\t\t\t\t\t\t\t\t\t\t\t\t\t\t\t<span class=\"elementor-accordion-icon-closed\"><i class=\"fas fa-chevron-down\"><\/i><\/span>\n\t\t\t\t\t\t\t\t<span class=\"elementor-accordion-icon-opened\"><i class=\"fas fa-minus\"><\/i><\/span>\n\t\t\t\t\t\t\t\t\t\t\t\t\t\t<\/span>\n\t\t\t\t\t\t\t\t\t\t\t\t<a class=\"elementor-accordion-title\" tabindex=\"0\"> Exchangeable Tool sets<\/a>\n\t\t\t\t\t<\/div>\n\t\t\t\t\t<div id=\"elementor-tab-content-1132\" class=\"elementor-tab-content elementor-clearfix\" data-tab=\"2\" role=\"region\" aria-labelledby=\"elementor-tab-title-1132\"><table style=\"list-style-type: square; width: 100%;\">\n<tbody>\n<tr>\n<td style=\"width: 99.5369%;\" colspan=\"2\">Well-organized and safe storage when using the Shadowboard:<\/td>\n<\/tr>\n<tr>\n<td style=\"width: 54.8356%; list-style-type: square;\"><br \/><img loading=\"lazy\" decoding=\"async\" class=\"alignnone size-medium wp-image-3515\" src=\"https:\/\/stanzautomation.de\/wp-content\/uploads\/2020\/11\/werkzeugsatz-freigestellt_rgb-300x285.jpg\" alt=\"\" width=\"300\" height=\"285\" srcset=\"https:\/\/stanzautomation.de\/wp-content\/uploads\/2020\/11\/werkzeugsatz-freigestellt_rgb-300x285.jpg 300w, https:\/\/stanzautomation.de\/wp-content\/uploads\/2020\/11\/werkzeugsatz-freigestellt_rgb-768x731.jpg 768w, https:\/\/stanzautomation.de\/wp-content\/uploads\/2020\/11\/werkzeugsatz-freigestellt_rgb-13x12.jpg 13w, https:\/\/stanzautomation.de\/wp-content\/uploads\/2020\/11\/werkzeugsatz-freigestellt_rgb.jpg 806w\" sizes=\"auto, (max-width: 300px) 100vw, 300px\" \/><\/td>\n<td style=\"width: 44.7013%; padding-left: 40px; vertical-align: top;\">\n<ul style=\"list-style-type: square;\">\n<li>\n<p>Cutting Punch<\/p>\n<\/li>\n<li>\n<p>Cutting Matrix<\/p>\n<\/li>\n<li>\n<p>Aufnahmeplatten<\/p>\n<\/li>\n<li>\n<p>Schwei\u00dfelektroden<\/p>\n<\/li>\n<li>\n<p>Electrodes<\/p>\n<\/li>\n<li>\n<p>R\u00fcckhaltemuster<\/p>\n<\/li>\n<\/ul>\n<\/td>\n<\/tr>\n<\/tbody>\n<\/table><\/div>\n\t\t\t\t<\/div>\n\t\t\t\t\t\t\t<div class=\"elementor-accordion-item\">\n\t\t\t\t\t<div id=\"elementor-tab-title-1133\" class=\"elementor-tab-title\" data-tab=\"3\" role=\"button\" aria-controls=\"elementor-tab-content-1133\" aria-expanded=\"false\">\n\t\t\t\t\t\t\t\t\t\t\t\t\t<span class=\"elementor-accordion-icon elementor-accordion-icon-left\" aria-hidden=\"true\">\n\t\t\t\t\t\t\t\t\t\t\t\t\t\t\t<span class=\"elementor-accordion-icon-closed\"><i class=\"fas fa-chevron-down\"><\/i><\/span>\n\t\t\t\t\t\t\t\t<span class=\"elementor-accordion-icon-opened\"><i class=\"fas fa-minus\"><\/i><\/span>\n\t\t\t\t\t\t\t\t\t\t\t\t\t\t<\/span>\n\t\t\t\t\t\t\t\t\t\t\t\t<a class=\"elementor-accordion-title\" tabindex=\"0\"> Endless production - no re-feeding  when material ends<\/a>\n\t\t\t\t\t<\/div>\n\t\t\t\t\t<div id=\"elementor-tab-content-1133\" class=\"elementor-tab-content elementor-clearfix\" data-tab=\"3\" role=\"region\" aria-labelledby=\"elementor-tab-title-1133\"><\/div>\n\t\t\t\t<\/div>\n\t\t\t\t\t\t\t<div class=\"elementor-accordion-item\">\n\t\t\t\t\t<div id=\"elementor-tab-title-1134\" class=\"elementor-tab-title\" data-tab=\"4\" role=\"button\" aria-controls=\"elementor-tab-content-1134\" aria-expanded=\"false\">\n\t\t\t\t\t\t\t\t\t\t\t\t\t<span class=\"elementor-accordion-icon elementor-accordion-icon-left\" aria-hidden=\"true\">\n\t\t\t\t\t\t\t\t\t\t\t\t\t\t\t<span class=\"elementor-accordion-icon-closed\"><i class=\"fas fa-chevron-down\"><\/i><\/span>\n\t\t\t\t\t\t\t\t<span class=\"elementor-accordion-icon-opened\"><i class=\"fas fa-minus\"><\/i><\/span>\n\t\t\t\t\t\t\t\t\t\t\t\t\t\t<\/span>\n\t\t\t\t\t\t\t\t\t\t\t\t<a class=\"elementor-accordion-title\" tabindex=\"0\">Easy to operate via Touch Panel<\/a>\n\t\t\t\t\t<\/div>\n\t\t\t\t\t<div id=\"elementor-tab-content-1134\" class=\"elementor-tab-content elementor-clearfix\" data-tab=\"4\" role=\"region\" aria-labelledby=\"elementor-tab-title-1134\"><table style=\"border-collapse: collapse; width: 100%;\">\n<tbody>\n<tr>\n<td style=\"width: 106.451%;\"><br \/><img loading=\"lazy\" decoding=\"async\" class=\"alignnone size-medium wp-image-2728\" src=\"https:\/\/stanzautomation.de\/wp-content\/uploads\/2020\/09\/IMG_2226-300x200.jpg\" alt=\"\" width=\"300\" height=\"200\" srcset=\"https:\/\/stanzautomation.de\/wp-content\/uploads\/2020\/09\/IMG_2226-300x200.jpg 300w, https:\/\/stanzautomation.de\/wp-content\/uploads\/2020\/09\/IMG_2226-1024x683.jpg 1024w, https:\/\/stanzautomation.de\/wp-content\/uploads\/2020\/09\/IMG_2226-768x512.jpg 768w, https:\/\/stanzautomation.de\/wp-content\/uploads\/2020\/09\/IMG_2226-1536x1024.jpg 1536w, https:\/\/stanzautomation.de\/wp-content\/uploads\/2020\/09\/IMG_2226-2048x1365.jpg 2048w\" sizes=\"auto, (max-width: 300px) 100vw, 300px\" \/><\/td>\n<td style=\"width: 5.95238%; padding-left: 40px; vertical-align: top;\">\n<h5>Touch Panel<\/h5>\n<ul style=\"list-style-type: square;\">\n<li>Single touch operation<\/li>\n<li>User-optimised design<\/li>\n<li>Easy to update<\/li>\n<\/ul>\n<\/td>\n<\/tr>\n<\/tbody>\n<\/table><\/div>\n\t\t\t\t<\/div>\n\t\t\t\t\t\t\t<div class=\"elementor-accordion-item\">\n\t\t\t\t\t<div id=\"elementor-tab-title-1135\" class=\"elementor-tab-title\" data-tab=\"5\" role=\"button\" aria-controls=\"elementor-tab-content-1135\" aria-expanded=\"false\">\n\t\t\t\t\t\t\t\t\t\t\t\t\t<span class=\"elementor-accordion-icon elementor-accordion-icon-left\" aria-hidden=\"true\">\n\t\t\t\t\t\t\t\t\t\t\t\t\t\t\t<span class=\"elementor-accordion-icon-closed\"><i class=\"fas fa-chevron-down\"><\/i><\/span>\n\t\t\t\t\t\t\t\t<span class=\"elementor-accordion-icon-opened\"><i class=\"fas fa-minus\"><\/i><\/span>\n\t\t\t\t\t\t\t\t\t\t\t\t\t\t<\/span>\n\t\t\t\t\t\t\t\t\t\t\t\t<a class=\"elementor-accordion-title\" tabindex=\"0\"> Mobile and universal use<\/a>\n\t\t\t\t\t<\/div>\n\t\t\t\t\t<div id=\"elementor-tab-content-1135\" class=\"elementor-tab-content elementor-clearfix\" data-tab=\"5\" role=\"region\" aria-labelledby=\"elementor-tab-title-1135\"><\/div>\n\t\t\t\t<\/div>\n\t\t\t\t\t\t\t<div class=\"elementor-accordion-item\">\n\t\t\t\t\t<div id=\"elementor-tab-title-1136\" class=\"elementor-tab-title\" data-tab=\"6\" role=\"button\" aria-controls=\"elementor-tab-content-1136\" aria-expanded=\"false\">\n\t\t\t\t\t\t\t\t\t\t\t\t\t<span class=\"elementor-accordion-icon elementor-accordion-icon-left\" aria-hidden=\"true\">\n\t\t\t\t\t\t\t\t\t\t\t\t\t\t\t<span class=\"elementor-accordion-icon-closed\"><i class=\"fas fa-chevron-down\"><\/i><\/span>\n\t\t\t\t\t\t\t\t<span class=\"elementor-accordion-icon-opened\"><i class=\"fas fa-minus\"><\/i><\/span>\n\t\t\t\t\t\t\t\t\t\t\t\t\t\t<\/span>\n\t\t\t\t\t\t\t\t\t\t\t\t<a class=\"elementor-accordion-title\" tabindex=\"0\"> High economic efficiency<\/a>\n\t\t\t\t\t<\/div>\n\t\t\t\t\t<div id=\"elementor-tab-content-1136\" class=\"elementor-tab-content elementor-clearfix\" data-tab=\"6\" role=\"region\" aria-labelledby=\"elementor-tab-title-1136\">\n<p class=\"fa fa-angle-right\" style=\"margin-top: 20px;\"><a style=\"font-family: futura-pt, sans-serif; font-size: 19px; font-weight: 200;\" href=\"https:\/\/stanzautomation.de\/en\/baureihe-psm-wirtschaftlichkeitsberechnung\/\"> Use our economic efficiency calculator now to calculate your savings<\/a><\/p><\/div>\n\t\t\t\t<\/div>\n\t\t\t\t\t\t\t\t<\/div>\n\t\t\t\t\t\t<\/div>\n\t\t\t\t<\/div>\n\t\t\t\t\t<\/div>\n\t\t<\/div>\n\t\t\t\t\t<\/div>\n\t\t<\/section>\n\t\t\t\t<section class=\"elementor-section elementor-inner-section elementor-element elementor-element-4684964a elementor-section-boxed elementor-section-height-default elementor-section-height-default\" data-id=\"4684964a\" data-element_type=\"section\">\n\t\t\t\t\t\t<div class=\"elementor-container elementor-column-gap-default\">\n\t\t\t\t\t<div class=\"elementor-column elementor-col-50 elementor-inner-column elementor-element elementor-element-7df9f275\" data-id=\"7df9f275\" data-element_type=\"column\">\n\t\t\t<div class=\"elementor-widget-wrap\">\n\t\t\t\t\t\t\t<\/div>\n\t\t<\/div>\n\t\t\t\t<div class=\"elementor-column elementor-col-50 elementor-inner-column elementor-element elementor-element-40a26cfd\" data-id=\"40a26cfd\" data-element_type=\"column\">\n\t\t\t<div class=\"elementor-widget-wrap\">\n\t\t\t\t\t\t\t<\/div>\n\t\t<\/div>\n\t\t\t\t\t<\/div>\n\t\t<\/section>\n\t\t\t\t\t<\/div>\n\t\t<\/div>\n\t\t\t\t\t<\/div>\n\t\t<\/section>\n\t\t\t\t<\/div>","protected":false},"excerpt":{"rendered":"<p>Widerstands-Schwei\u00dfmaschinen Baureihe PSM Highlights Leicht Stanzautomation l\u00f6st in enger Abstimmung mit Ihrer Konstruktion und Produktion die Anforderung Ihres Produktionsprozesses an die Schwei\u00dfnaht. Schwei\u00dfverbindungen h\u00f6chster G\u00fcte mit hohen Anforderungen an die &hellip; <\/p>\n<p class=\"link-more\"><a href=\"https:\/\/stanzautomation.de\/en\/baureihe-psm-highlights\" class=\"more-link\">Continue reading<span class=\"screen-reader-text\"> &#8222;Baureihe PSM Highlights&#8220;<\/span><\/a><\/p>","protected":false},"author":1,"featured_media":0,"parent":0,"menu_order":0,"comment_status":"closed","ping_status":"closed","template":"","meta":{"footnotes":""},"class_list":["post-1078","page","type-page","status-publish","hentry"],"_links":{"self":[{"href":"https:\/\/stanzautomation.de\/en\/wp-json\/wp\/v2\/pages\/1078","targetHints":{"allow":["GET"]}}],"collection":[{"href":"https:\/\/stanzautomation.de\/en\/wp-json\/wp\/v2\/pages"}],"about":[{"href":"https:\/\/stanzautomation.de\/en\/wp-json\/wp\/v2\/types\/page"}],"author":[{"embeddable":true,"href":"https:\/\/stanzautomation.de\/en\/wp-json\/wp\/v2\/users\/1"}],"replies":[{"embeddable":true,"href":"https:\/\/stanzautomation.de\/en\/wp-json\/wp\/v2\/comments?post=1078"}],"version-history":[{"count":32,"href":"https:\/\/stanzautomation.de\/en\/wp-json\/wp\/v2\/pages\/1078\/revisions"}],"predecessor-version":[{"id":3527,"href":"https:\/\/stanzautomation.de\/en\/wp-json\/wp\/v2\/pages\/1078\/revisions\/3527"}],"wp:attachment":[{"href":"https:\/\/stanzautomation.de\/en\/wp-json\/wp\/v2\/media?parent=1078"}],"curies":[{"name":"wp","href":"https:\/\/api.w.org\/{rel}","templated":true}]}}