{"id":1152,"date":"2020-04-28T19:43:12","date_gmt":"2020-04-28T19:43:12","guid":{"rendered":"https:\/\/stanzautomation.de\/?page_id=1152"},"modified":"2021-02-26T16:37:45","modified_gmt":"2021-02-26T16:37:45","slug":"baureihe-rsm-highlights","status":"publish","type":"page","link":"https:\/\/stanzautomation.de\/en\/baureihe-rsm-highlights","title":{"rendered":"Baureihe RSM Highlights"},"content":{"rendered":"<div data-elementor-type=\"wp-page\" data-elementor-id=\"1152\" class=\"elementor elementor-1152\" data-elementor-post-type=\"page\">\n\t\t\t\t\t\t<section class=\"elementor-section elementor-top-section elementor-element elementor-element-309aab3d elementor-section-stretched elementor-section-full_width elementor-section-height-default elementor-section-height-default\" data-id=\"309aab3d\" data-element_type=\"section\" data-settings=\"{&quot;stretch_section&quot;:&quot;section-stretched&quot;,&quot;background_background&quot;:&quot;classic&quot;}\">\n\t\t\t\t\t\t<div class=\"elementor-container elementor-column-gap-default\">\n\t\t\t\t\t<div class=\"elementor-column elementor-col-100 elementor-top-column elementor-element elementor-element-6feca9f\" data-id=\"6feca9f\" data-element_type=\"column\" data-settings=\"{&quot;background_background&quot;:&quot;classic&quot;}\">\n\t\t\t<div class=\"elementor-widget-wrap elementor-element-populated\">\n\t\t\t\t\t\t<div class=\"elementor-element elementor-element-6d4d2f6a elementor-widget elementor-widget-text-editor\" data-id=\"6d4d2f6a\" data-element_type=\"widget\" data-widget_type=\"text-editor.default\">\n\t\t\t\t<div class=\"elementor-widget-container\">\n\t\t\t\t\t\t\t\t\t\n<div style=\"height:100px\" aria-hidden=\"true\" class=\"wp-block-spacer\"><\/div>\n\t\t\t\t\t\t\t\t<\/div>\n\t\t\t\t<\/div>\n\t\t\t\t\t<\/div>\n\t\t<\/div>\n\t\t\t\t\t<\/div>\n\t\t<\/section>\n\t\t\t\t<section class=\"elementor-section elementor-top-section elementor-element elementor-element-14a9999c elementor-section-stretched elementor-section-full_width elementor-section-height-default elementor-section-height-default\" data-id=\"14a9999c\" data-element_type=\"section\" data-settings=\"{&quot;stretch_section&quot;:&quot;section-stretched&quot;}\">\n\t\t\t\t\t\t<div class=\"elementor-container elementor-column-gap-default\">\n\t\t\t\t\t<div class=\"elementor-column elementor-col-100 elementor-top-column elementor-element elementor-element-451d3610\" data-id=\"451d3610\" data-element_type=\"column\">\n\t\t\t<div class=\"elementor-widget-wrap elementor-element-populated\">\n\t\t\t\t\t\t<div class=\"elementor-element elementor-element-1475fff8 elementor-widget elementor-widget-spacer\" data-id=\"1475fff8\" data-element_type=\"widget\" data-widget_type=\"spacer.default\">\n\t\t\t\t<div class=\"elementor-widget-container\">\n\t\t\t\t\t\t\t<div class=\"elementor-spacer\">\n\t\t\t<div class=\"elementor-spacer-inner\"><\/div>\n\t\t<\/div>\n\t\t\t\t\t\t<\/div>\n\t\t\t\t<\/div>\n\t\t\t\t<section class=\"elementor-section elementor-inner-section elementor-element elementor-element-3449e848 elementor-section-boxed elementor-section-height-default elementor-section-height-default\" data-id=\"3449e848\" data-element_type=\"section\">\n\t\t\t\t\t\t<div class=\"elementor-container elementor-column-gap-default\">\n\t\t\t\t\t<div class=\"elementor-column elementor-col-100 elementor-inner-column elementor-element elementor-element-2bc9b0cb z_index_content\" data-id=\"2bc9b0cb\" data-element_type=\"column\" data-settings=\"{&quot;background_background&quot;:&quot;classic&quot;}\">\n\t\t\t<div class=\"elementor-widget-wrap elementor-element-populated\">\n\t\t\t\t\t\t<div class=\"elementor-element elementor-element-5c15e35d elementor-widget elementor-widget-heading\" data-id=\"5c15e35d\" data-element_type=\"widget\" data-widget_type=\"heading.default\">\n\t\t\t\t<div class=\"elementor-widget-container\">\n\t\t\t\t\t<h1 class=\"elementor-heading-title elementor-size-default\">Arc welding machines<\/h1>\t\t\t\t<\/div>\n\t\t\t\t<\/div>\n\t\t\t\t<div class=\"elementor-element elementor-element-6e98bebe elementor-widget elementor-widget-heading\" data-id=\"6e98bebe\" data-element_type=\"widget\" data-widget_type=\"heading.default\">\n\t\t\t\t<div class=\"elementor-widget-container\">\n\t\t\t\t\t<h2 class=\"elementor-heading-title elementor-size-default\">RSM Series<\/h2>\t\t\t\t<\/div>\n\t\t\t\t<\/div>\n\t\t\t\t<div class=\"elementor-element elementor-element-1d226bda elementor-nav-menu--dropdown-tablet elementor-nav-menu__text-align-aside elementor-nav-menu--toggle elementor-nav-menu--burger elementor-widget elementor-widget-nav-menu\" data-id=\"1d226bda\" data-element_type=\"widget\" data-settings=\"{&quot;submenu_icon&quot;:{&quot;value&quot;:&quot;&lt;i class=\\&quot;fas fa-chevron-down\\&quot;&gt;&lt;\\\/i&gt;&quot;,&quot;library&quot;:&quot;fa-solid&quot;},&quot;layout&quot;:&quot;horizontal&quot;,&quot;toggle&quot;:&quot;burger&quot;}\" data-widget_type=\"nav-menu.default\">\n\t\t\t\t<div class=\"elementor-widget-container\">\n\t\t\t\t\t\t\t\t<nav aria-label=\"Menu\" class=\"elementor-nav-menu--main elementor-nav-menu__container elementor-nav-menu--layout-horizontal e--pointer-underline e--animation-fade\">\n\t\t\t\t<ul id=\"menu-1-1d226bda\" class=\"elementor-nav-menu\"><li class=\"menu-item menu-item-type-post_type menu-item-object-page menu-item-1191\"><a href=\"https:\/\/stanzautomation.de\/en\/baureihe-rsm-highlights\" class=\"elementor-item\">Highlights<\/a><\/li>\n<li class=\"menu-item menu-item-type-post_type menu-item-object-page menu-item-1190\"><a href=\"https:\/\/stanzautomation.de\/en\/baureihe-rsm-konfigurationen\" class=\"elementor-item\">Configurations<\/a><\/li>\n<li class=\"menu-item menu-item-type-post_type menu-item-object-page menu-item-4242\"><a href=\"https:\/\/stanzautomation.de\/en\/baureihe-rsm-videos\" class=\"elementor-item\">Videos<\/a><\/li>\n<li class=\"menu-item menu-item-type-post_type menu-item-object-page menu-item-1189\"><a href=\"https:\/\/stanzautomation.de\/en\/baureihe-rsm-wirtschaftlichkeitsberechnung\" class=\"elementor-item\">Economic efficiency calculation<\/a><\/li>\n<\/ul>\t\t\t<\/nav>\n\t\t\t\t\t<div class=\"elementor-menu-toggle\" role=\"button\" tabindex=\"0\" aria-label=\"Menu Toggle\" aria-expanded=\"false\">\n\t\t\t<i aria-hidden=\"true\" role=\"presentation\" class=\"elementor-menu-toggle__icon--open eicon-menu-bar\"><\/i><i aria-hidden=\"true\" role=\"presentation\" class=\"elementor-menu-toggle__icon--close eicon-close\"><\/i>\t\t<\/div>\n\t\t\t\t\t<nav class=\"elementor-nav-menu--dropdown elementor-nav-menu__container\" aria-hidden=\"true\">\n\t\t\t\t<ul id=\"menu-2-1d226bda\" class=\"elementor-nav-menu\"><li class=\"menu-item menu-item-type-post_type menu-item-object-page menu-item-1191\"><a href=\"https:\/\/stanzautomation.de\/en\/baureihe-rsm-highlights\" class=\"elementor-item\" tabindex=\"-1\">Highlights<\/a><\/li>\n<li class=\"menu-item menu-item-type-post_type menu-item-object-page menu-item-1190\"><a href=\"https:\/\/stanzautomation.de\/en\/baureihe-rsm-konfigurationen\" class=\"elementor-item\" tabindex=\"-1\">Configurations<\/a><\/li>\n<li class=\"menu-item menu-item-type-post_type menu-item-object-page menu-item-4242\"><a href=\"https:\/\/stanzautomation.de\/en\/baureihe-rsm-videos\" class=\"elementor-item\" tabindex=\"-1\">Videos<\/a><\/li>\n<li class=\"menu-item menu-item-type-post_type menu-item-object-page menu-item-1189\"><a href=\"https:\/\/stanzautomation.de\/en\/baureihe-rsm-wirtschaftlichkeitsberechnung\" class=\"elementor-item\" tabindex=\"-1\">Economic efficiency calculation<\/a><\/li>\n<\/ul>\t\t\t<\/nav>\n\t\t\t\t\t\t<\/div>\n\t\t\t\t<\/div>\n\t\t\t\t<div class=\"elementor-element elementor-element-309008d5 elementor-widget-divider--view-line elementor-widget elementor-widget-divider\" data-id=\"309008d5\" data-element_type=\"widget\" data-widget_type=\"divider.default\">\n\t\t\t\t<div class=\"elementor-widget-container\">\n\t\t\t\t\t\t\t<div class=\"elementor-divider\">\n\t\t\t<span class=\"elementor-divider-separator\">\n\t\t\t\t\t\t<\/span>\n\t\t<\/div>\n\t\t\t\t\t\t<\/div>\n\t\t\t\t<\/div>\n\t\t\t\t\t<\/div>\n\t\t<\/div>\n\t\t\t\t\t<\/div>\n\t\t<\/section>\n\t\t\t\t<section class=\"elementor-section elementor-inner-section elementor-element elementor-element-3e1b7bff elementor-section-boxed elementor-section-height-default elementor-section-height-default\" data-id=\"3e1b7bff\" data-element_type=\"section\" data-settings=\"{&quot;background_background&quot;:&quot;classic&quot;}\">\n\t\t\t\t\t\t<div class=\"elementor-container elementor-column-gap-default\">\n\t\t\t\t\t<div class=\"elementor-column elementor-col-50 elementor-inner-column elementor-element elementor-element-3671e255 z_index_content\" data-id=\"3671e255\" data-element_type=\"column\" data-settings=\"{&quot;background_background&quot;:&quot;classic&quot;}\">\n\t\t\t<div class=\"elementor-widget-wrap elementor-element-populated\">\n\t\t\t\t\t\t<div class=\"elementor-element elementor-element-774e0c77 elementor-widget elementor-widget-image\" data-id=\"774e0c77\" data-element_type=\"widget\" data-widget_type=\"image.default\">\n\t\t\t\t<div class=\"elementor-widget-container\">\n\t\t\t\t\t\t\t\t\t\t\t\t\t\t\t<img loading=\"lazy\" decoding=\"async\" width=\"525\" height=\"525\" src=\"https:\/\/stanzautomation.de\/wp-content\/uploads\/2020\/04\/rsm-080_1500x1500.jpg\" class=\"attachment-large size-large wp-image-1161\" alt=\"\" srcset=\"https:\/\/stanzautomation.de\/wp-content\/uploads\/2020\/04\/rsm-080_1500x1500.jpg 1000w, https:\/\/stanzautomation.de\/wp-content\/uploads\/2020\/04\/rsm-080_1500x1500-300x300.jpg 300w, https:\/\/stanzautomation.de\/wp-content\/uploads\/2020\/04\/rsm-080_1500x1500-150x150.jpg 150w, https:\/\/stanzautomation.de\/wp-content\/uploads\/2020\/04\/rsm-080_1500x1500-768x768.jpg 768w, https:\/\/stanzautomation.de\/wp-content\/uploads\/2020\/04\/rsm-080_1500x1500-12x12.jpg 12w, https:\/\/stanzautomation.de\/wp-content\/uploads\/2020\/04\/rsm-080_1500x1500-100x100.jpg 100w\" sizes=\"auto, 100vw\" \/>\t\t\t\t\t\t\t\t\t\t\t\t\t\t\t<\/div>\n\t\t\t\t<\/div>\n\t\t\t\t\t<\/div>\n\t\t<\/div>\n\t\t\t\t<div class=\"elementor-column elementor-col-50 elementor-inner-column elementor-element elementor-element-67bb5ed9 z_index_content\" data-id=\"67bb5ed9\" data-element_type=\"column\" data-settings=\"{&quot;background_background&quot;:&quot;classic&quot;}\">\n\t\t\t<div class=\"elementor-widget-wrap elementor-element-populated\">\n\t\t\t\t\t\t<div class=\"elementor-element elementor-element-5f7797a elementor-widget elementor-widget-heading\" data-id=\"5f7797a\" data-element_type=\"widget\" data-widget_type=\"heading.default\">\n\t\t\t\t<div class=\"elementor-widget-container\">\n\t\t\t\t\t<h3 class=\"elementor-heading-title elementor-size-default\">Highlights<\/h3>\t\t\t\t<\/div>\n\t\t\t\t<\/div>\n\t\t\t\t<div class=\"elementor-element elementor-element-8a95277 elementor-widget elementor-widget-text-editor\" data-id=\"8a95277\" data-element_type=\"widget\" data-widget_type=\"text-editor.default\">\n\t\t\t\t<div class=\"elementor-widget-container\">\n\t\t\t\t\t\t\t\t\t<p>In close collaboration with their design and manufacturing department, Leicht Stanzautomation provides solutions for the requirements of your production process with regards to the weld seam.<\/p><p>Welded joints of the highest quality with strict requirements for the formability of the weld seam guarantee uninterrupted production in the\nprocessing of un-stamped and pre-stamped strips.<\/p>\t\t\t\t\t\t\t\t<\/div>\n\t\t\t\t<\/div>\n\t\t\t\t<div class=\"elementor-element elementor-element-3ddf9436 elementor-widget elementor-widget-accordion\" data-id=\"3ddf9436\" data-element_type=\"widget\" data-widget_type=\"accordion.default\">\n\t\t\t\t<div class=\"elementor-widget-container\">\n\t\t\t\t\t\t\t<div class=\"elementor-accordion\">\n\t\t\t\t\t\t\t<div class=\"elementor-accordion-item\">\n\t\t\t\t\t<div id=\"elementor-tab-title-1031\" class=\"elementor-tab-title\" data-tab=\"1\" role=\"button\" aria-controls=\"elementor-tab-content-1031\" aria-expanded=\"false\">\n\t\t\t\t\t\t\t\t\t\t\t\t\t<span class=\"elementor-accordion-icon elementor-accordion-icon-left\" aria-hidden=\"true\">\n\t\t\t\t\t\t\t\t\t\t\t\t\t\t\t<span class=\"elementor-accordion-icon-closed\"><i class=\"fas fa-chevron-down\"><\/i><\/span>\n\t\t\t\t\t\t\t\t<span class=\"elementor-accordion-icon-opened\"><i class=\"fas fa-minus\"><\/i><\/span>\n\t\t\t\t\t\t\t\t\t\t\t\t\t\t<\/span>\n\t\t\t\t\t\t\t\t\t\t\t\t<a class=\"elementor-accordion-title\" tabindex=\"0\">Perfect welding seam for further processing<\/a>\n\t\t\t\t\t<\/div>\n\t\t\t\t\t<div id=\"elementor-tab-content-1031\" class=\"elementor-tab-content elementor-clearfix\" data-tab=\"1\" role=\"region\" aria-labelledby=\"elementor-tab-title-1031\"><p style=\"margin-top: 20px\"><img loading=\"lazy\" decoding=\"async\" class=\"alignnone size-medium wp-image-1156\" src=\"https:\/\/stanzautomation.de\/wp-content\/uploads\/2020\/04\/mg_3114-300x169.jpg\" alt=\"\" width=\"300\" height=\"169\" srcset=\"https:\/\/stanzautomation.de\/wp-content\/uploads\/2020\/04\/mg_3114-300x169.jpg 300w, https:\/\/stanzautomation.de\/wp-content\/uploads\/2020\/04\/mg_3114-768x432.jpg 768w, https:\/\/stanzautomation.de\/wp-content\/uploads\/2020\/04\/mg_3114.jpg 1000w\" sizes=\"auto, (max-width: 300px) 100vw, 300px\" \/> <img loading=\"lazy\" decoding=\"async\" class=\"alignnone size-medium wp-image-1157\" src=\"https:\/\/stanzautomation.de\/wp-content\/uploads\/2020\/04\/img_8982-300x169.jpg\" alt=\"\" width=\"300\" height=\"169\" srcset=\"https:\/\/stanzautomation.de\/wp-content\/uploads\/2020\/04\/img_8982-300x169.jpg 300w, https:\/\/stanzautomation.de\/wp-content\/uploads\/2020\/04\/img_8982-768x432.jpg 768w, https:\/\/stanzautomation.de\/wp-content\/uploads\/2020\/04\/img_8982.jpg 1000w\" sizes=\"auto, (max-width: 300px) 100vw, 300px\" \/> <img loading=\"lazy\" decoding=\"async\" class=\"alignnone size-medium wp-image-1158\" src=\"https:\/\/stanzautomation.de\/wp-content\/uploads\/2020\/04\/rsm_mg_7878_gut-300x169.jpg\" alt=\"\" width=\"300\" height=\"169\" srcset=\"https:\/\/stanzautomation.de\/wp-content\/uploads\/2020\/04\/rsm_mg_7878_gut-300x169.jpg 300w, https:\/\/stanzautomation.de\/wp-content\/uploads\/2020\/04\/rsm_mg_7878_gut-768x432.jpg 768w, https:\/\/stanzautomation.de\/wp-content\/uploads\/2020\/04\/rsm_mg_7878_gut.jpg 1000w\" sizes=\"auto, (max-width: 300px) 100vw, 300px\" \/><\/p><\/div>\n\t\t\t\t<\/div>\n\t\t\t\t\t\t\t<div class=\"elementor-accordion-item\">\n\t\t\t\t\t<div id=\"elementor-tab-title-1032\" class=\"elementor-tab-title\" data-tab=\"2\" role=\"button\" aria-controls=\"elementor-tab-content-1032\" aria-expanded=\"false\">\n\t\t\t\t\t\t\t\t\t\t\t\t\t<span class=\"elementor-accordion-icon elementor-accordion-icon-left\" aria-hidden=\"true\">\n\t\t\t\t\t\t\t\t\t\t\t\t\t\t\t<span class=\"elementor-accordion-icon-closed\"><i class=\"fas fa-chevron-down\"><\/i><\/span>\n\t\t\t\t\t\t\t\t<span class=\"elementor-accordion-icon-opened\"><i class=\"fas fa-minus\"><\/i><\/span>\n\t\t\t\t\t\t\t\t\t\t\t\t\t\t<\/span>\n\t\t\t\t\t\t\t\t\t\t\t\t<a class=\"elementor-accordion-title\" tabindex=\"0\">Highly dynamic servo drive technology<\/a>\n\t\t\t\t\t<\/div>\n\t\t\t\t\t<div id=\"elementor-tab-content-1032\" class=\"elementor-tab-content elementor-clearfix\" data-tab=\"2\" role=\"region\" aria-labelledby=\"elementor-tab-title-1032\"><\/div>\n\t\t\t\t<\/div>\n\t\t\t\t\t\t\t<div class=\"elementor-accordion-item\">\n\t\t\t\t\t<div id=\"elementor-tab-title-1033\" class=\"elementor-tab-title\" data-tab=\"3\" role=\"button\" aria-controls=\"elementor-tab-content-1033\" aria-expanded=\"false\">\n\t\t\t\t\t\t\t\t\t\t\t\t\t<span class=\"elementor-accordion-icon elementor-accordion-icon-left\" aria-hidden=\"true\">\n\t\t\t\t\t\t\t\t\t\t\t\t\t\t\t<span class=\"elementor-accordion-icon-closed\"><i class=\"fas fa-chevron-down\"><\/i><\/span>\n\t\t\t\t\t\t\t\t<span class=\"elementor-accordion-icon-opened\"><i class=\"fas fa-minus\"><\/i><\/span>\n\t\t\t\t\t\t\t\t\t\t\t\t\t\t<\/span>\n\t\t\t\t\t\t\t\t\t\t\t\t<a class=\"elementor-accordion-title\" tabindex=\"0\"> Endless production - no re-feeding  when material ends<\/a>\n\t\t\t\t\t<\/div>\n\t\t\t\t\t<div id=\"elementor-tab-content-1033\" class=\"elementor-tab-content elementor-clearfix\" data-tab=\"3\" role=\"region\" aria-labelledby=\"elementor-tab-title-1033\"><\/div>\n\t\t\t\t<\/div>\n\t\t\t\t\t\t\t<div class=\"elementor-accordion-item\">\n\t\t\t\t\t<div id=\"elementor-tab-title-1034\" class=\"elementor-tab-title\" data-tab=\"4\" role=\"button\" aria-controls=\"elementor-tab-content-1034\" aria-expanded=\"false\">\n\t\t\t\t\t\t\t\t\t\t\t\t\t<span class=\"elementor-accordion-icon elementor-accordion-icon-left\" aria-hidden=\"true\">\n\t\t\t\t\t\t\t\t\t\t\t\t\t\t\t<span class=\"elementor-accordion-icon-closed\"><i class=\"fas fa-chevron-down\"><\/i><\/span>\n\t\t\t\t\t\t\t\t<span class=\"elementor-accordion-icon-opened\"><i class=\"fas fa-minus\"><\/i><\/span>\n\t\t\t\t\t\t\t\t\t\t\t\t\t\t<\/span>\n\t\t\t\t\t\t\t\t\t\t\t\t<a class=\"elementor-accordion-title\" tabindex=\"0\">10,4\u201c Touch-Panel<\/a>\n\t\t\t\t\t<\/div>\n\t\t\t\t\t<div id=\"elementor-tab-content-1034\" class=\"elementor-tab-content elementor-clearfix\" data-tab=\"4\" role=\"region\" aria-labelledby=\"elementor-tab-title-1034\"><p style=\"margin-top: 20px\"><img loading=\"lazy\" decoding=\"async\" class=\"alignnone size-medium wp-image-1992\" src=\"https:\/\/stanzautomation.de\/wp-content\/uploads\/2020\/06\/IMG_6942-300x200.jpg\" alt=\"\" width=\"300\" height=\"200\" srcset=\"https:\/\/stanzautomation.de\/wp-content\/uploads\/2020\/06\/IMG_6942-300x200.jpg 300w, https:\/\/stanzautomation.de\/wp-content\/uploads\/2020\/06\/IMG_6942-1024x683.jpg 1024w, https:\/\/stanzautomation.de\/wp-content\/uploads\/2020\/06\/IMG_6942-768x512.jpg 768w, https:\/\/stanzautomation.de\/wp-content\/uploads\/2020\/06\/IMG_6942-1536x1024.jpg 1536w, https:\/\/stanzautomation.de\/wp-content\/uploads\/2020\/06\/IMG_6942-2048x1365.jpg 2048w\" sizes=\"auto, (max-width: 300px) 100vw, 300px\" \/><\/p><\/div>\n\t\t\t\t<\/div>\n\t\t\t\t\t\t\t<div class=\"elementor-accordion-item\">\n\t\t\t\t\t<div id=\"elementor-tab-title-1035\" class=\"elementor-tab-title\" data-tab=\"5\" role=\"button\" aria-controls=\"elementor-tab-content-1035\" aria-expanded=\"false\">\n\t\t\t\t\t\t\t\t\t\t\t\t\t<span class=\"elementor-accordion-icon elementor-accordion-icon-left\" aria-hidden=\"true\">\n\t\t\t\t\t\t\t\t\t\t\t\t\t\t\t<span class=\"elementor-accordion-icon-closed\"><i class=\"fas fa-chevron-down\"><\/i><\/span>\n\t\t\t\t\t\t\t\t<span class=\"elementor-accordion-icon-opened\"><i class=\"fas fa-minus\"><\/i><\/span>\n\t\t\t\t\t\t\t\t\t\t\t\t\t\t<\/span>\n\t\t\t\t\t\t\t\t\t\t\t\t<a class=\"elementor-accordion-title\" tabindex=\"0\"> Mobile and universal use<\/a>\n\t\t\t\t\t<\/div>\n\t\t\t\t\t<div id=\"elementor-tab-content-1035\" class=\"elementor-tab-content elementor-clearfix\" data-tab=\"5\" role=\"region\" aria-labelledby=\"elementor-tab-title-1035\"><\/div>\n\t\t\t\t<\/div>\n\t\t\t\t\t\t\t<div class=\"elementor-accordion-item\">\n\t\t\t\t\t<div id=\"elementor-tab-title-1036\" class=\"elementor-tab-title\" data-tab=\"6\" role=\"button\" aria-controls=\"elementor-tab-content-1036\" aria-expanded=\"false\">\n\t\t\t\t\t\t\t\t\t\t\t\t\t<span class=\"elementor-accordion-icon elementor-accordion-icon-left\" aria-hidden=\"true\">\n\t\t\t\t\t\t\t\t\t\t\t\t\t\t\t<span class=\"elementor-accordion-icon-closed\"><i class=\"fas fa-chevron-down\"><\/i><\/span>\n\t\t\t\t\t\t\t\t<span class=\"elementor-accordion-icon-opened\"><i class=\"fas fa-minus\"><\/i><\/span>\n\t\t\t\t\t\t\t\t\t\t\t\t\t\t<\/span>\n\t\t\t\t\t\t\t\t\t\t\t\t<a class=\"elementor-accordion-title\" tabindex=\"0\"> High economic efficiency<\/a>\n\t\t\t\t\t<\/div>\n\t\t\t\t\t<div id=\"elementor-tab-content-1036\" class=\"elementor-tab-content elementor-clearfix\" data-tab=\"6\" role=\"region\" aria-labelledby=\"elementor-tab-title-1036\"><p class=\"fa fa-angle-right\" style=\"margin-top: 20px;\"><a style=\"font-family: futura-pt, sans-serif; font-size: 19px; font-weight: 200;\" href=\"https:\/\/stanzautomation.de\/en\/baureihe-rsm-wirtschaftlichkeitsberechnung\/\"> Use our economic efficiency calculator now to calculate your savings<\/a><\/p><\/div>\n\t\t\t\t<\/div>\n\t\t\t\t\t\t\t<div class=\"elementor-accordion-item\">\n\t\t\t\t\t<div id=\"elementor-tab-title-1037\" class=\"elementor-tab-title\" data-tab=\"7\" role=\"button\" aria-controls=\"elementor-tab-content-1037\" aria-expanded=\"false\">\n\t\t\t\t\t\t\t\t\t\t\t\t\t<span class=\"elementor-accordion-icon elementor-accordion-icon-left\" aria-hidden=\"true\">\n\t\t\t\t\t\t\t\t\t\t\t\t\t\t\t<span class=\"elementor-accordion-icon-closed\"><i class=\"fas fa-chevron-down\"><\/i><\/span>\n\t\t\t\t\t\t\t\t<span class=\"elementor-accordion-icon-opened\"><i class=\"fas fa-minus\"><\/i><\/span>\n\t\t\t\t\t\t\t\t\t\t\t\t\t\t<\/span>\n\t\t\t\t\t\t\t\t\t\t\t\t<a class=\"elementor-accordion-title\" tabindex=\"0\">Accessories<\/a>\n\t\t\t\t\t<\/div>\n\t\t\t\t\t<div id=\"elementor-tab-content-1037\" class=\"elementor-tab-content elementor-clearfix\" data-tab=\"7\" role=\"region\" aria-labelledby=\"elementor-tab-title-1037\"><table style=\"border-collapse: collapse; width: 100%; margin-top: 20px;\">\n<tbody>\n<tr>\n<td style=\"width: 46.9274%;\"><img loading=\"lazy\" decoding=\"async\" class=\"alignnone wp-image-4098 size-medium\" src=\"https:\/\/stanzautomation.de\/wp-content\/uploads\/2021\/02\/IMG_4257-300x202.jpg\" alt=\"\" width=\"300\" height=\"202\" srcset=\"https:\/\/stanzautomation.de\/wp-content\/uploads\/2021\/02\/IMG_4257-300x202.jpg 300w, https:\/\/stanzautomation.de\/wp-content\/uploads\/2021\/02\/IMG_4257-1024x690.jpg 1024w, https:\/\/stanzautomation.de\/wp-content\/uploads\/2021\/02\/IMG_4257-768x518.jpg 768w, https:\/\/stanzautomation.de\/wp-content\/uploads\/2021\/02\/IMG_4257-1536x1035.jpg 1536w, https:\/\/stanzautomation.de\/wp-content\/uploads\/2021\/02\/IMG_4257-16x12.jpg 16w, https:\/\/stanzautomation.de\/wp-content\/uploads\/2021\/02\/IMG_4257.jpg 2000w\" sizes=\"auto, (max-width: 300px) 100vw, 300px\" \/><img loading=\"lazy\" decoding=\"async\" class=\"alignnone wp-image-4107 size-medium\" src=\"https:\/\/stanzautomation.de\/wp-content\/uploads\/2021\/02\/schleifgeraet-sauger_freigestellt_rgb-233x300.jpg\" alt=\"\" width=\"233\" height=\"300\" srcset=\"https:\/\/stanzautomation.de\/wp-content\/uploads\/2021\/02\/schleifgeraet-sauger_freigestellt_rgb-233x300.jpg 233w, https:\/\/stanzautomation.de\/wp-content\/uploads\/2021\/02\/schleifgeraet-sauger_freigestellt_rgb-9x12.jpg 9w, https:\/\/stanzautomation.de\/wp-content\/uploads\/2021\/02\/schleifgeraet-sauger_freigestellt_rgb.jpg 707w\" sizes=\"auto, (max-width: 233px) 100vw, 233px\" \/><\/td>\n<td style=\"width: 52.8115%; padding-left: 40px; vertical-align: top;\">\n<h5>Electrode grinder WIG-4<\/h5>\n<ul style=\"list-style-type: square;\">\n<li>Perfect grinding of the electrode<\/li>\n<li>Diamond disc with a long service life<\/li>\n<li>Prepared for connection to safety vacuum cleaners<\/li>\n<li>Connection 1 \u00d7 230 volts or 1 \u00d7 110 volts<\/li>\n<\/ul>\n<h5 class=\"title\">Vacuum cleaner grinding dust<\/h5>\n<ul>\n<li>Vacuum cleaner for connection to an electrode grinding machine WIG-4<\/li>\n<li>for sucking up the abrasive particles<\/li>\n<li>Dust class M connection 1 x 230 volts<\/li>\n<\/ul>\n<\/td>\n<\/tr>\n<\/tbody>\n<\/table><\/div>\n\t\t\t\t<\/div>\n\t\t\t\t\t\t\t\t<\/div>\n\t\t\t\t\t\t<\/div>\n\t\t\t\t<\/div>\n\t\t\t\t\t<\/div>\n\t\t<\/div>\n\t\t\t\t\t<\/div>\n\t\t<\/section>\n\t\t\t\t\t<\/div>\n\t\t<\/div>\n\t\t\t\t\t<\/div>\n\t\t<\/section>\n\t\t\t\t<\/div>","protected":false},"excerpt":{"rendered":"<p>Lichtbogen-Schwei\u00dfmaschinen Baureihe RSM Highlights Leicht Stanzautomation l\u00f6st in enger Abstimmung mit Ihrer Konstruktion und Produktion die Anforderung Ihres Produktionsprozesses an die Schwei\u00dfnaht. Schwei\u00dfverbindungen h\u00f6chster G\u00fcte mit hohen Anforderungen an die &hellip; <\/p>\n<p class=\"link-more\"><a href=\"https:\/\/stanzautomation.de\/en\/baureihe-rsm-highlights\" class=\"more-link\">Continue reading<span class=\"screen-reader-text\"> &#8222;Baureihe RSM Highlights&#8220;<\/span><\/a><\/p>","protected":false},"author":1,"featured_media":0,"parent":0,"menu_order":0,"comment_status":"closed","ping_status":"closed","template":"","meta":{"footnotes":""},"class_list":["post-1152","page","type-page","status-publish","hentry"],"_links":{"self":[{"href":"https:\/\/stanzautomation.de\/en\/wp-json\/wp\/v2\/pages\/1152","targetHints":{"allow":["GET"]}}],"collection":[{"href":"https:\/\/stanzautomation.de\/en\/wp-json\/wp\/v2\/pages"}],"about":[{"href":"https:\/\/stanzautomation.de\/en\/wp-json\/wp\/v2\/types\/page"}],"author":[{"embeddable":true,"href":"https:\/\/stanzautomation.de\/en\/wp-json\/wp\/v2\/users\/1"}],"replies":[{"embeddable":true,"href":"https:\/\/stanzautomation.de\/en\/wp-json\/wp\/v2\/comments?post=1152"}],"version-history":[{"count":33,"href":"https:\/\/stanzautomation.de\/en\/wp-json\/wp\/v2\/pages\/1152\/revisions"}],"predecessor-version":[{"id":4113,"href":"https:\/\/stanzautomation.de\/en\/wp-json\/wp\/v2\/pages\/1152\/revisions\/4113"}],"wp:attachment":[{"href":"https:\/\/stanzautomation.de\/en\/wp-json\/wp\/v2\/media?parent=1152"}],"curies":[{"name":"wp","href":"https:\/\/api.w.org\/{rel}","templated":true}]}}