{"id":1406,"date":"2020-05-07T16:46:39","date_gmt":"2020-05-07T16:46:39","guid":{"rendered":"https:\/\/stanzautomation.de\/?page_id=1406"},"modified":"2020-11-05T18:46:52","modified_gmt":"2020-11-05T18:46:52","slug":"trommel-abwickler-highlights","status":"publish","type":"page","link":"https:\/\/stanzautomation.de\/en\/trommel-abwickler-highlights","title":{"rendered":"Trommel-Abwickler Highlights"},"content":{"rendered":"<div data-elementor-type=\"wp-page\" data-elementor-id=\"1406\" class=\"elementor elementor-1406\" data-elementor-post-type=\"page\">\n\t\t\t\t\t\t<section class=\"elementor-section elementor-top-section elementor-element elementor-element-30bf46d8 elementor-section-stretched elementor-section-full_width elementor-section-height-default elementor-section-height-default\" data-id=\"30bf46d8\" data-element_type=\"section\" data-settings=\"{&quot;stretch_section&quot;:&quot;section-stretched&quot;,&quot;background_background&quot;:&quot;classic&quot;}\">\n\t\t\t\t\t\t<div class=\"elementor-container elementor-column-gap-default\">\n\t\t\t\t\t<div class=\"elementor-column elementor-col-100 elementor-top-column elementor-element elementor-element-3f9e949a\" data-id=\"3f9e949a\" data-element_type=\"column\" data-settings=\"{&quot;background_background&quot;:&quot;classic&quot;}\">\n\t\t\t<div class=\"elementor-widget-wrap elementor-element-populated\">\n\t\t\t\t\t\t<div class=\"elementor-element elementor-element-424968 elementor-widget elementor-widget-text-editor\" data-id=\"424968\" data-element_type=\"widget\" data-widget_type=\"text-editor.default\">\n\t\t\t\t<div class=\"elementor-widget-container\">\n\t\t\t\t\t\t\t\t\t\n<div style=\"height:100px\" aria-hidden=\"true\" class=\"wp-block-spacer\"><\/div>\n\t\t\t\t\t\t\t\t<\/div>\n\t\t\t\t<\/div>\n\t\t\t\t\t<\/div>\n\t\t<\/div>\n\t\t\t\t\t<\/div>\n\t\t<\/section>\n\t\t\t\t<section class=\"elementor-section elementor-top-section elementor-element elementor-element-76db5124 elementor-section-stretched elementor-section-full_width elementor-section-height-default elementor-section-height-default\" data-id=\"76db5124\" data-element_type=\"section\" data-settings=\"{&quot;stretch_section&quot;:&quot;section-stretched&quot;}\">\n\t\t\t\t\t\t<div class=\"elementor-container elementor-column-gap-default\">\n\t\t\t\t\t<div class=\"elementor-column elementor-col-100 elementor-top-column elementor-element elementor-element-7c34239f\" data-id=\"7c34239f\" data-element_type=\"column\">\n\t\t\t<div class=\"elementor-widget-wrap elementor-element-populated\">\n\t\t\t\t\t\t<div class=\"elementor-element elementor-element-65e654f elementor-widget elementor-widget-spacer\" data-id=\"65e654f\" data-element_type=\"widget\" data-widget_type=\"spacer.default\">\n\t\t\t\t<div class=\"elementor-widget-container\">\n\t\t\t\t\t\t\t<div class=\"elementor-spacer\">\n\t\t\t<div class=\"elementor-spacer-inner\"><\/div>\n\t\t<\/div>\n\t\t\t\t\t\t<\/div>\n\t\t\t\t<\/div>\n\t\t\t\t<section class=\"elementor-section elementor-inner-section elementor-element elementor-element-105b116b elementor-section-boxed elementor-section-height-default elementor-section-height-default\" data-id=\"105b116b\" data-element_type=\"section\">\n\t\t\t\t\t\t<div class=\"elementor-container elementor-column-gap-default\">\n\t\t\t\t\t<div class=\"elementor-column elementor-col-100 elementor-inner-column elementor-element elementor-element-15813c1f z_index_content\" data-id=\"15813c1f\" data-element_type=\"column\" data-settings=\"{&quot;background_background&quot;:&quot;classic&quot;}\">\n\t\t\t<div class=\"elementor-widget-wrap elementor-element-populated\">\n\t\t\t\t\t\t<div class=\"elementor-element elementor-element-15aa3f8c elementor-widget elementor-widget-heading\" data-id=\"15aa3f8c\" data-element_type=\"widget\" data-widget_type=\"heading.default\">\n\t\t\t\t<div class=\"elementor-widget-container\">\n\t\t\t\t\t<h1 class=\"elementor-heading-title elementor-size-default\">Drum decoilers<\/h1>\t\t\t\t<\/div>\n\t\t\t\t<\/div>\n\t\t\t\t<div class=\"elementor-element elementor-element-44658bed elementor-widget elementor-widget-heading\" data-id=\"44658bed\" data-element_type=\"widget\" data-widget_type=\"heading.default\">\n\t\t\t\t<div class=\"elementor-widget-container\">\n\t\t\t\t\t<h2 class=\"elementor-heading-title elementor-size-default\">TW Series<\/h2>\t\t\t\t<\/div>\n\t\t\t\t<\/div>\n\t\t\t\t<div class=\"elementor-element elementor-element-4d329afa elementor-nav-menu--dropdown-tablet elementor-nav-menu__text-align-aside elementor-nav-menu--toggle elementor-nav-menu--burger elementor-widget elementor-widget-nav-menu\" data-id=\"4d329afa\" data-element_type=\"widget\" data-settings=\"{&quot;submenu_icon&quot;:{&quot;value&quot;:&quot;&lt;i class=\\&quot;fas fa-chevron-down\\&quot;&gt;&lt;\\\/i&gt;&quot;,&quot;library&quot;:&quot;fa-solid&quot;},&quot;layout&quot;:&quot;horizontal&quot;,&quot;toggle&quot;:&quot;burger&quot;}\" data-widget_type=\"nav-menu.default\">\n\t\t\t\t<div class=\"elementor-widget-container\">\n\t\t\t\t\t\t\t\t<nav aria-label=\"Menu\" class=\"elementor-nav-menu--main elementor-nav-menu__container elementor-nav-menu--layout-horizontal e--pointer-underline e--animation-fade\">\n\t\t\t\t<ul id=\"menu-1-4d329afa\" class=\"elementor-nav-menu\"><li class=\"menu-item menu-item-type-post_type menu-item-object-page menu-item-1418\"><a href=\"https:\/\/stanzautomation.de\/en\/trommel-abwickler-highlights\" class=\"elementor-item\">Highlights<\/a><\/li>\n<li class=\"menu-item menu-item-type-post_type menu-item-object-page menu-item-2630\"><a href=\"https:\/\/stanzautomation.de\/en\/trommel-abwickler-konfigurationen\" class=\"elementor-item\">Configurations<\/a><\/li>\n<li class=\"menu-item menu-item-type-post_type menu-item-object-page menu-item-2187\"><a href=\"https:\/\/stanzautomation.de\/en\/trommel-abwickler-videos\" class=\"elementor-item\">Videos<\/a><\/li>\n<\/ul>\t\t\t<\/nav>\n\t\t\t\t\t<div class=\"elementor-menu-toggle\" role=\"button\" tabindex=\"0\" aria-label=\"Menu Toggle\" aria-expanded=\"false\">\n\t\t\t<i aria-hidden=\"true\" role=\"presentation\" class=\"elementor-menu-toggle__icon--open eicon-menu-bar\"><\/i><i aria-hidden=\"true\" role=\"presentation\" class=\"elementor-menu-toggle__icon--close eicon-close\"><\/i>\t\t<\/div>\n\t\t\t\t\t<nav class=\"elementor-nav-menu--dropdown elementor-nav-menu__container\" aria-hidden=\"true\">\n\t\t\t\t<ul id=\"menu-2-4d329afa\" class=\"elementor-nav-menu\"><li class=\"menu-item menu-item-type-post_type menu-item-object-page menu-item-1418\"><a href=\"https:\/\/stanzautomation.de\/en\/trommel-abwickler-highlights\" class=\"elementor-item\" tabindex=\"-1\">Highlights<\/a><\/li>\n<li class=\"menu-item menu-item-type-post_type menu-item-object-page menu-item-2630\"><a href=\"https:\/\/stanzautomation.de\/en\/trommel-abwickler-konfigurationen\" class=\"elementor-item\" tabindex=\"-1\">Configurations<\/a><\/li>\n<li class=\"menu-item menu-item-type-post_type menu-item-object-page menu-item-2187\"><a href=\"https:\/\/stanzautomation.de\/en\/trommel-abwickler-videos\" class=\"elementor-item\" tabindex=\"-1\">Videos<\/a><\/li>\n<\/ul>\t\t\t<\/nav>\n\t\t\t\t\t\t<\/div>\n\t\t\t\t<\/div>\n\t\t\t\t<div class=\"elementor-element elementor-element-1c10b317 elementor-widget-divider--view-line elementor-widget elementor-widget-divider\" data-id=\"1c10b317\" data-element_type=\"widget\" data-widget_type=\"divider.default\">\n\t\t\t\t<div class=\"elementor-widget-container\">\n\t\t\t\t\t\t\t<div class=\"elementor-divider\">\n\t\t\t<span class=\"elementor-divider-separator\">\n\t\t\t\t\t\t<\/span>\n\t\t<\/div>\n\t\t\t\t\t\t<\/div>\n\t\t\t\t<\/div>\n\t\t\t\t\t<\/div>\n\t\t<\/div>\n\t\t\t\t\t<\/div>\n\t\t<\/section>\n\t\t\t\t<section class=\"elementor-section elementor-inner-section elementor-element elementor-element-2e99358c elementor-section-boxed elementor-section-height-default elementor-section-height-default\" data-id=\"2e99358c\" data-element_type=\"section\" data-settings=\"{&quot;background_background&quot;:&quot;classic&quot;}\">\n\t\t\t\t\t\t<div class=\"elementor-container elementor-column-gap-default\">\n\t\t\t\t\t<div class=\"elementor-column elementor-col-50 elementor-inner-column elementor-element elementor-element-7c20ab68 z_index_content\" data-id=\"7c20ab68\" data-element_type=\"column\" data-settings=\"{&quot;background_background&quot;:&quot;classic&quot;}\">\n\t\t\t<div class=\"elementor-widget-wrap elementor-element-populated\">\n\t\t\t\t\t\t<div class=\"elementor-element elementor-element-60da9aca elementor-widget elementor-widget-image\" data-id=\"60da9aca\" data-element_type=\"widget\" data-widget_type=\"image.default\">\n\t\t\t\t<div class=\"elementor-widget-container\">\n\t\t\t\t\t\t\t\t\t\t\t\t\t\t\t<img loading=\"lazy\" decoding=\"async\" width=\"525\" height=\"525\" src=\"https:\/\/stanzautomation.de\/wp-content\/uploads\/2020\/05\/tw1000IMG_4068_1500x1500-1024x1024.jpg\" class=\"attachment-large size-large wp-image-1412\" alt=\"\" srcset=\"https:\/\/stanzautomation.de\/wp-content\/uploads\/2020\/05\/tw1000IMG_4068_1500x1500-1024x1024.jpg 1024w, https:\/\/stanzautomation.de\/wp-content\/uploads\/2020\/05\/tw1000IMG_4068_1500x1500-300x300.jpg 300w, https:\/\/stanzautomation.de\/wp-content\/uploads\/2020\/05\/tw1000IMG_4068_1500x1500-150x150.jpg 150w, https:\/\/stanzautomation.de\/wp-content\/uploads\/2020\/05\/tw1000IMG_4068_1500x1500-768x768.jpg 768w, https:\/\/stanzautomation.de\/wp-content\/uploads\/2020\/05\/tw1000IMG_4068_1500x1500-100x100.jpg 100w, https:\/\/stanzautomation.de\/wp-content\/uploads\/2020\/05\/tw1000IMG_4068_1500x1500.jpg 1500w\" sizes=\"auto, 100vw\" \/>\t\t\t\t\t\t\t\t\t\t\t\t\t\t\t<\/div>\n\t\t\t\t<\/div>\n\t\t\t\t\t<\/div>\n\t\t<\/div>\n\t\t\t\t<div class=\"elementor-column elementor-col-50 elementor-inner-column elementor-element elementor-element-439ef2b1 z_index_content\" data-id=\"439ef2b1\" data-element_type=\"column\" data-settings=\"{&quot;background_background&quot;:&quot;classic&quot;}\">\n\t\t\t<div class=\"elementor-widget-wrap elementor-element-populated\">\n\t\t\t\t\t\t<div class=\"elementor-element elementor-element-40512c elementor-widget elementor-widget-heading\" data-id=\"40512c\" data-element_type=\"widget\" data-widget_type=\"heading.default\">\n\t\t\t\t<div class=\"elementor-widget-container\">\n\t\t\t\t\t<h3 class=\"elementor-heading-title elementor-size-default\">Highlights<\/h3>\t\t\t\t<\/div>\n\t\t\t\t<\/div>\n\t\t\t\t<div class=\"elementor-element elementor-element-13debd3 elementor-widget elementor-widget-accordion\" data-id=\"13debd3\" data-element_type=\"widget\" data-widget_type=\"accordion.default\">\n\t\t\t\t<div class=\"elementor-widget-container\">\n\t\t\t\t\t\t\t<div class=\"elementor-accordion\">\n\t\t\t\t\t\t\t<div class=\"elementor-accordion-item\">\n\t\t\t\t\t<div id=\"elementor-tab-title-2081\" class=\"elementor-tab-title\" data-tab=\"1\" role=\"button\" aria-controls=\"elementor-tab-content-2081\" aria-expanded=\"false\">\n\t\t\t\t\t\t\t\t\t\t\t\t\t<span class=\"elementor-accordion-icon elementor-accordion-icon-left\" aria-hidden=\"true\">\n\t\t\t\t\t\t\t\t\t\t\t\t\t\t\t<span class=\"elementor-accordion-icon-closed\"><i class=\"fas fa-chevron-down\"><\/i><\/span>\n\t\t\t\t\t\t\t\t<span class=\"elementor-accordion-icon-opened\"><i class=\"fas fa-minus\"><\/i><\/span>\n\t\t\t\t\t\t\t\t\t\t\t\t\t\t<\/span>\n\t\t\t\t\t\t\t\t\t\t\t\t<a class=\"elementor-accordion-title\" tabindex=\"0\">Dancer control via pneumatic linear drive<\/a>\n\t\t\t\t\t<\/div>\n\t\t\t\t\t<div id=\"elementor-tab-content-2081\" class=\"elementor-tab-content elementor-clearfix\" data-tab=\"1\" role=\"region\" aria-labelledby=\"elementor-tab-title-2081\"><p style=\"margin-top: 20px;\"><img loading=\"lazy\" decoding=\"async\" class=\"alignnone size-medium wp-image-1942\" src=\"https:\/\/stanzautomation.de\/wp-content\/uploads\/2020\/06\/IMG_3924-300x200.jpg\" alt=\"\" width=\"300\" height=\"200\" srcset=\"https:\/\/stanzautomation.de\/wp-content\/uploads\/2020\/06\/IMG_3924-300x200.jpg 300w, https:\/\/stanzautomation.de\/wp-content\/uploads\/2020\/06\/IMG_3924-1024x683.jpg 1024w, https:\/\/stanzautomation.de\/wp-content\/uploads\/2020\/06\/IMG_3924-768x512.jpg 768w, https:\/\/stanzautomation.de\/wp-content\/uploads\/2020\/06\/IMG_3924-1536x1024.jpg 1536w, https:\/\/stanzautomation.de\/wp-content\/uploads\/2020\/06\/IMG_3924-2048x1365.jpg 2048w\" sizes=\"auto, (max-width: 300px) 100vw, 300px\" \/> <img loading=\"lazy\" decoding=\"async\" class=\"alignnone size-medium wp-image-1943\" src=\"https:\/\/stanzautomation.de\/wp-content\/uploads\/2020\/06\/IMG_3928-300x200.jpg\" alt=\"\" width=\"300\" height=\"200\" srcset=\"https:\/\/stanzautomation.de\/wp-content\/uploads\/2020\/06\/IMG_3928-300x200.jpg 300w, https:\/\/stanzautomation.de\/wp-content\/uploads\/2020\/06\/IMG_3928-1024x683.jpg 1024w, https:\/\/stanzautomation.de\/wp-content\/uploads\/2020\/06\/IMG_3928-768x512.jpg 768w, https:\/\/stanzautomation.de\/wp-content\/uploads\/2020\/06\/IMG_3928-1536x1024.jpg 1536w, https:\/\/stanzautomation.de\/wp-content\/uploads\/2020\/06\/IMG_3928-2048x1365.jpg 2048w\" sizes=\"auto, (max-width: 300px) 100vw, 300px\" \/><\/p><\/div>\n\t\t\t\t<\/div>\n\t\t\t\t\t\t\t<div class=\"elementor-accordion-item\">\n\t\t\t\t\t<div id=\"elementor-tab-title-2082\" class=\"elementor-tab-title\" data-tab=\"2\" role=\"button\" aria-controls=\"elementor-tab-content-2082\" aria-expanded=\"false\">\n\t\t\t\t\t\t\t\t\t\t\t\t\t<span class=\"elementor-accordion-icon elementor-accordion-icon-left\" aria-hidden=\"true\">\n\t\t\t\t\t\t\t\t\t\t\t\t\t\t\t<span class=\"elementor-accordion-icon-closed\"><i class=\"fas fa-chevron-down\"><\/i><\/span>\n\t\t\t\t\t\t\t\t<span class=\"elementor-accordion-icon-opened\"><i class=\"fas fa-minus\"><\/i><\/span>\n\t\t\t\t\t\t\t\t\t\t\t\t\t\t<\/span>\n\t\t\t\t\t\t\t\t\t\t\t\t<a class=\"elementor-accordion-title\" tabindex=\"0\">Suitable for oscillated material (strip and wire)<\/a>\n\t\t\t\t\t<\/div>\n\t\t\t\t\t<div id=\"elementor-tab-content-2082\" class=\"elementor-tab-content elementor-clearfix\" data-tab=\"2\" role=\"region\" aria-labelledby=\"elementor-tab-title-2082\"><p style=\"margin-top: 20px;\"><img loading=\"lazy\" decoding=\"async\" class=\"alignnone size-medium wp-image-1944\" src=\"https:\/\/stanzautomation.de\/wp-content\/uploads\/2020\/06\/IMG_3955-300x200.jpg\" alt=\"\" width=\"300\" height=\"200\" srcset=\"https:\/\/stanzautomation.de\/wp-content\/uploads\/2020\/06\/IMG_3955-300x200.jpg 300w, https:\/\/stanzautomation.de\/wp-content\/uploads\/2020\/06\/IMG_3955-1024x683.jpg 1024w, https:\/\/stanzautomation.de\/wp-content\/uploads\/2020\/06\/IMG_3955-768x512.jpg 768w, https:\/\/stanzautomation.de\/wp-content\/uploads\/2020\/06\/IMG_3955-1536x1024.jpg 1536w, https:\/\/stanzautomation.de\/wp-content\/uploads\/2020\/06\/IMG_3955-2048x1365.jpg 2048w\" sizes=\"auto, (max-width: 300px) 100vw, 300px\" \/><img loading=\"lazy\" decoding=\"async\" class=\"alignnone size-medium wp-image-1945\" src=\"https:\/\/stanzautomation.de\/wp-content\/uploads\/2020\/06\/IMG_6401-300x200.jpg\" alt=\"\" width=\"300\" height=\"200\" srcset=\"https:\/\/stanzautomation.de\/wp-content\/uploads\/2020\/06\/IMG_6401-300x200.jpg 300w, https:\/\/stanzautomation.de\/wp-content\/uploads\/2020\/06\/IMG_6401-1024x683.jpg 1024w, https:\/\/stanzautomation.de\/wp-content\/uploads\/2020\/06\/IMG_6401-768x512.jpg 768w, https:\/\/stanzautomation.de\/wp-content\/uploads\/2020\/06\/IMG_6401-1536x1024.jpg 1536w, https:\/\/stanzautomation.de\/wp-content\/uploads\/2020\/06\/IMG_6401-2048x1365.jpg 2048w\" sizes=\"auto, (max-width: 300px) 100vw, 300px\" \/><\/p><\/div>\n\t\t\t\t<\/div>\n\t\t\t\t\t\t\t<div class=\"elementor-accordion-item\">\n\t\t\t\t\t<div id=\"elementor-tab-title-2083\" class=\"elementor-tab-title\" data-tab=\"3\" role=\"button\" aria-controls=\"elementor-tab-content-2083\" aria-expanded=\"false\">\n\t\t\t\t\t\t\t\t\t\t\t\t\t<span class=\"elementor-accordion-icon elementor-accordion-icon-left\" aria-hidden=\"true\">\n\t\t\t\t\t\t\t\t\t\t\t\t\t\t\t<span class=\"elementor-accordion-icon-closed\"><i class=\"fas fa-chevron-down\"><\/i><\/span>\n\t\t\t\t\t\t\t\t<span class=\"elementor-accordion-icon-opened\"><i class=\"fas fa-minus\"><\/i><\/span>\n\t\t\t\t\t\t\t\t\t\t\t\t\t\t<\/span>\n\t\t\t\t\t\t\t\t\t\t\t\t<a class=\"elementor-accordion-title\" tabindex=\"0\">Easy to operate via Touch Panel<\/a>\n\t\t\t\t\t<\/div>\n\t\t\t\t\t<div id=\"elementor-tab-content-2083\" class=\"elementor-tab-content elementor-clearfix\" data-tab=\"3\" role=\"region\" aria-labelledby=\"elementor-tab-title-2083\"><table style=\"border-collapse: collapse; width: 100%;\">\n<tbody>\n<tr>\n<td style=\"width: 46.9274%;\"><img loading=\"lazy\" decoding=\"async\" class=\"alignnone size-medium wp-image-818\" src=\"https:\/\/stanzautomation.de\/wp-content\/uploads\/2020\/03\/IMG_8092-300x200.jpg\" alt=\"\" width=\"300\" height=\"200\" srcset=\"https:\/\/stanzautomation.de\/wp-content\/uploads\/2020\/03\/IMG_8092-300x200.jpg 300w, https:\/\/stanzautomation.de\/wp-content\/uploads\/2020\/03\/IMG_8092-1024x683.jpg 1024w, https:\/\/stanzautomation.de\/wp-content\/uploads\/2020\/03\/IMG_8092-768x512.jpg 768w, https:\/\/stanzautomation.de\/wp-content\/uploads\/2020\/03\/IMG_8092-1536x1024.jpg 1536w, https:\/\/stanzautomation.de\/wp-content\/uploads\/2020\/03\/IMG_8092-2048x1365.jpg 2048w\" sizes=\"auto, (max-width: 300px) 100vw, 300px\" \/><\/td>\n<td style=\"width: 52.8115%; padding-left: 40px; vertical-align: top;\">\n<h5>Touch Panel<\/h5>\n<ul style=\"list-style-type: square;\">\n<li>Single touch operation<\/li>\n<li>User-optimised design<\/li>\n<li>Easy to update<\/li>\n<\/ul>\n<\/td>\n<\/tr>\n<\/tbody>\n<\/table><\/div>\n\t\t\t\t<\/div>\n\t\t\t\t\t\t\t<div class=\"elementor-accordion-item\">\n\t\t\t\t\t<div id=\"elementor-tab-title-2084\" class=\"elementor-tab-title\" data-tab=\"4\" role=\"button\" aria-controls=\"elementor-tab-content-2084\" aria-expanded=\"false\">\n\t\t\t\t\t\t\t\t\t\t\t\t\t<span class=\"elementor-accordion-icon elementor-accordion-icon-left\" aria-hidden=\"true\">\n\t\t\t\t\t\t\t\t\t\t\t\t\t\t\t<span class=\"elementor-accordion-icon-closed\"><i class=\"fas fa-chevron-down\"><\/i><\/span>\n\t\t\t\t\t\t\t\t<span class=\"elementor-accordion-icon-opened\"><i class=\"fas fa-minus\"><\/i><\/span>\n\t\t\t\t\t\t\t\t\t\t\t\t\t\t<\/span>\n\t\t\t\t\t\t\t\t\t\t\t\t<a class=\"elementor-accordion-title\" tabindex=\"0\">Network-capable integration<\/a>\n\t\t\t\t\t<\/div>\n\t\t\t\t\t<div id=\"elementor-tab-content-2084\" class=\"elementor-tab-content elementor-clearfix\" data-tab=\"4\" role=\"region\" aria-labelledby=\"elementor-tab-title-2084\"><p style=\"margin-top: 20px\"><img loading=\"lazy\" decoding=\"async\" class=\"alignnone size-medium wp-image-2456\" src=\"https:\/\/stanzautomation.de\/wp-content\/uploads\/2020\/07\/remote_control-289x300.jpg\" alt=\"\" width=\"289\" height=\"300\" srcset=\"https:\/\/stanzautomation.de\/wp-content\/uploads\/2020\/07\/remote_control-289x300.jpg 289w, https:\/\/stanzautomation.de\/wp-content\/uploads\/2020\/07\/remote_control.jpg 385w\" sizes=\"auto, (max-width: 289px) 100vw, 289px\" \/><\/p>\n<\/div>\n\t\t\t\t<\/div>\n\t\t\t\t\t\t\t\t<\/div>\n\t\t\t\t\t\t<\/div>\n\t\t\t\t<\/div>\n\t\t\t\t\t<\/div>\n\t\t<\/div>\n\t\t\t\t\t<\/div>\n\t\t<\/section>\n\t\t\t\t<section class=\"elementor-section elementor-inner-section elementor-element elementor-element-4734e571 elementor-section-boxed elementor-section-height-default elementor-section-height-default\" data-id=\"4734e571\" data-element_type=\"section\">\n\t\t\t\t\t\t<div class=\"elementor-container elementor-column-gap-default\">\n\t\t\t\t\t<div class=\"elementor-column elementor-col-50 elementor-inner-column elementor-element elementor-element-577a5d5\" data-id=\"577a5d5\" data-element_type=\"column\">\n\t\t\t<div class=\"elementor-widget-wrap\">\n\t\t\t\t\t\t\t<\/div>\n\t\t<\/div>\n\t\t\t\t<div class=\"elementor-column elementor-col-50 elementor-inner-column elementor-element elementor-element-39a3f26b\" data-id=\"39a3f26b\" data-element_type=\"column\">\n\t\t\t<div class=\"elementor-widget-wrap\">\n\t\t\t\t\t\t\t<\/div>\n\t\t<\/div>\n\t\t\t\t\t<\/div>\n\t\t<\/section>\n\t\t\t\t\t<\/div>\n\t\t<\/div>\n\t\t\t\t\t<\/div>\n\t\t<\/section>\n\t\t\t\t<\/div>","protected":false},"excerpt":{"rendered":"<p>Trommel-Abwickler Baureihe TW Highlights T\u00e4nzersteuerung \u00fcber pneumatischen Linearantrieb Geeignet f\u00fcr gespultes Material (Band und Draht) Einfache Bedienung Bedienfeld Einfache Touch-Bedienung Nutzeroptimiert gestaltet Einfache Updates Netzwerkf\u00e4hige Einbindung<\/p>","protected":false},"author":1,"featured_media":0,"parent":0,"menu_order":0,"comment_status":"closed","ping_status":"closed","template":"","meta":{"footnotes":""},"class_list":["post-1406","page","type-page","status-publish","hentry"],"_links":{"self":[{"href":"https:\/\/stanzautomation.de\/en\/wp-json\/wp\/v2\/pages\/1406","targetHints":{"allow":["GET"]}}],"collection":[{"href":"https:\/\/stanzautomation.de\/en\/wp-json\/wp\/v2\/pages"}],"about":[{"href":"https:\/\/stanzautomation.de\/en\/wp-json\/wp\/v2\/types\/page"}],"author":[{"embeddable":true,"href":"https:\/\/stanzautomation.de\/en\/wp-json\/wp\/v2\/users\/1"}],"replies":[{"embeddable":true,"href":"https:\/\/stanzautomation.de\/en\/wp-json\/wp\/v2\/comments?post=1406"}],"version-history":[{"count":22,"href":"https:\/\/stanzautomation.de\/en\/wp-json\/wp\/v2\/pages\/1406\/revisions"}],"predecessor-version":[{"id":3308,"href":"https:\/\/stanzautomation.de\/en\/wp-json\/wp\/v2\/pages\/1406\/revisions\/3308"}],"wp:attachment":[{"href":"https:\/\/stanzautomation.de\/en\/wp-json\/wp\/v2\/media?parent=1406"}],"curies":[{"name":"wp","href":"https:\/\/api.w.org\/{rel}","templated":true}]}}