{"id":1432,"date":"2020-05-07T21:05:54","date_gmt":"2020-05-07T21:05:54","guid":{"rendered":"https:\/\/stanzautomation.de\/?page_id=1432"},"modified":"2020-10-28T22:04:51","modified_gmt":"2020-10-28T22:04:51","slug":"horizontale-aufwickler-optionen","status":"publish","type":"page","link":"https:\/\/stanzautomation.de\/en\/horizontale-aufwickler-optionen","title":{"rendered":"Horizontale Aufwickler Optionen"},"content":{"rendered":"<div data-elementor-type=\"wp-page\" data-elementor-id=\"1432\" class=\"elementor elementor-1432\" data-elementor-post-type=\"page\">\n\t\t\t\t\t\t<section class=\"elementor-section elementor-top-section elementor-element elementor-element-61812690 elementor-section-stretched elementor-section-full_width elementor-section-height-default elementor-section-height-default\" data-id=\"61812690\" data-element_type=\"section\" data-settings=\"{&quot;stretch_section&quot;:&quot;section-stretched&quot;,&quot;background_background&quot;:&quot;classic&quot;}\">\n\t\t\t\t\t\t<div class=\"elementor-container elementor-column-gap-default\">\n\t\t\t\t\t<div class=\"elementor-column elementor-col-100 elementor-top-column elementor-element elementor-element-22004103\" data-id=\"22004103\" data-element_type=\"column\" data-settings=\"{&quot;background_background&quot;:&quot;classic&quot;}\">\n\t\t\t<div class=\"elementor-widget-wrap elementor-element-populated\">\n\t\t\t\t\t\t<div class=\"elementor-element elementor-element-3319c45e elementor-widget elementor-widget-text-editor\" data-id=\"3319c45e\" data-element_type=\"widget\" data-widget_type=\"text-editor.default\">\n\t\t\t\t<div class=\"elementor-widget-container\">\n\t\t\t\t\t\t\t\t\t\n<div style=\"height:100px\" aria-hidden=\"true\" class=\"wp-block-spacer\"><\/div>\n\t\t\t\t\t\t\t\t<\/div>\n\t\t\t\t<\/div>\n\t\t\t\t\t<\/div>\n\t\t<\/div>\n\t\t\t\t\t<\/div>\n\t\t<\/section>\n\t\t\t\t<section class=\"elementor-section elementor-top-section elementor-element elementor-element-2edcae35 elementor-section-stretched elementor-section-full_width elementor-section-height-default elementor-section-height-default\" data-id=\"2edcae35\" data-element_type=\"section\" data-settings=\"{&quot;stretch_section&quot;:&quot;section-stretched&quot;}\">\n\t\t\t\t\t\t<div class=\"elementor-container elementor-column-gap-default\">\n\t\t\t\t\t<div class=\"elementor-column elementor-col-100 elementor-top-column elementor-element elementor-element-5d2d5e88\" data-id=\"5d2d5e88\" data-element_type=\"column\">\n\t\t\t<div class=\"elementor-widget-wrap elementor-element-populated\">\n\t\t\t\t\t\t<section class=\"elementor-section elementor-inner-section elementor-element elementor-element-128aab68 elementor-section-boxed elementor-section-height-default elementor-section-height-default\" data-id=\"128aab68\" data-element_type=\"section\">\n\t\t\t\t\t\t<div class=\"elementor-container elementor-column-gap-default\">\n\t\t\t\t\t<div class=\"elementor-column elementor-col-100 elementor-inner-column elementor-element elementor-element-5623c67b z_index_content\" data-id=\"5623c67b\" data-element_type=\"column\" data-settings=\"{&quot;background_background&quot;:&quot;classic&quot;}\">\n\t\t\t<div class=\"elementor-widget-wrap elementor-element-populated\">\n\t\t\t\t\t\t<div class=\"elementor-element elementor-element-5282189e elementor-widget elementor-widget-spacer\" data-id=\"5282189e\" data-element_type=\"widget\" data-widget_type=\"spacer.default\">\n\t\t\t\t<div class=\"elementor-widget-container\">\n\t\t\t\t\t\t\t<div class=\"elementor-spacer\">\n\t\t\t<div class=\"elementor-spacer-inner\"><\/div>\n\t\t<\/div>\n\t\t\t\t\t\t<\/div>\n\t\t\t\t<\/div>\n\t\t\t\t<div class=\"elementor-element elementor-element-4a90dc91 elementor-widget elementor-widget-heading\" data-id=\"4a90dc91\" data-element_type=\"widget\" data-widget_type=\"heading.default\">\n\t\t\t\t<div class=\"elementor-widget-container\">\n\t\t\t\t\t<h1 class=\"elementor-heading-title elementor-size-default\">Horizontal rewinder<\/h1>\t\t\t\t<\/div>\n\t\t\t\t<\/div>\n\t\t\t\t<div class=\"elementor-element elementor-element-4d8380b3 elementor-widget elementor-widget-heading\" data-id=\"4d8380b3\" data-element_type=\"widget\" data-widget_type=\"heading.default\">\n\t\t\t\t<div class=\"elementor-widget-container\">\n\t\t\t\t\t<h2 class=\"elementor-heading-title elementor-size-default\">PWA Series<\/h2>\t\t\t\t<\/div>\n\t\t\t\t<\/div>\n\t\t\t\t<div class=\"elementor-element elementor-element-71722e51 elementor-nav-menu--dropdown-tablet elementor-nav-menu__text-align-aside elementor-nav-menu--toggle elementor-nav-menu--burger elementor-widget elementor-widget-nav-menu\" data-id=\"71722e51\" data-element_type=\"widget\" data-settings=\"{&quot;submenu_icon&quot;:{&quot;value&quot;:&quot;&lt;i class=\\&quot;fas fa-chevron-down\\&quot;&gt;&lt;\\\/i&gt;&quot;,&quot;library&quot;:&quot;fa-solid&quot;},&quot;layout&quot;:&quot;horizontal&quot;,&quot;toggle&quot;:&quot;burger&quot;}\" data-widget_type=\"nav-menu.default\">\n\t\t\t\t<div class=\"elementor-widget-container\">\n\t\t\t\t\t\t\t\t<nav aria-label=\"Menu\" class=\"elementor-nav-menu--main elementor-nav-menu__container elementor-nav-menu--layout-horizontal e--pointer-underline e--animation-fade\">\n\t\t\t\t<ul id=\"menu-1-71722e51\" class=\"elementor-nav-menu\"><li class=\"menu-item menu-item-type-post_type menu-item-object-page menu-item-1436\"><a href=\"https:\/\/stanzautomation.de\/en\/horizontale-aufwickler-highlights\" class=\"elementor-item\">Highlights<\/a><\/li>\n<li class=\"menu-item menu-item-type-post_type menu-item-object-page menu-item-1435\"><a href=\"https:\/\/stanzautomation.de\/en\/horizontale-aufwickler-optionen\" class=\"elementor-item\">Options<\/a><\/li>\n<li class=\"menu-item menu-item-type-post_type menu-item-object-page menu-item-1840\"><a href=\"https:\/\/stanzautomation.de\/en\/horizontale-aufwickler-videos\" class=\"elementor-item\">Videos<\/a><\/li>\n<\/ul>\t\t\t<\/nav>\n\t\t\t\t\t<div class=\"elementor-menu-toggle\" role=\"button\" tabindex=\"0\" aria-label=\"Menu Toggle\" aria-expanded=\"false\">\n\t\t\t<i aria-hidden=\"true\" role=\"presentation\" class=\"elementor-menu-toggle__icon--open eicon-menu-bar\"><\/i><i aria-hidden=\"true\" role=\"presentation\" class=\"elementor-menu-toggle__icon--close eicon-close\"><\/i>\t\t<\/div>\n\t\t\t\t\t<nav class=\"elementor-nav-menu--dropdown elementor-nav-menu__container\" aria-hidden=\"true\">\n\t\t\t\t<ul id=\"menu-2-71722e51\" class=\"elementor-nav-menu\"><li class=\"menu-item menu-item-type-post_type menu-item-object-page menu-item-1436\"><a href=\"https:\/\/stanzautomation.de\/en\/horizontale-aufwickler-highlights\" class=\"elementor-item\" tabindex=\"-1\">Highlights<\/a><\/li>\n<li class=\"menu-item menu-item-type-post_type menu-item-object-page menu-item-1435\"><a href=\"https:\/\/stanzautomation.de\/en\/horizontale-aufwickler-optionen\" class=\"elementor-item\" tabindex=\"-1\">Options<\/a><\/li>\n<li class=\"menu-item menu-item-type-post_type menu-item-object-page menu-item-1840\"><a href=\"https:\/\/stanzautomation.de\/en\/horizontale-aufwickler-videos\" class=\"elementor-item\" tabindex=\"-1\">Videos<\/a><\/li>\n<\/ul>\t\t\t<\/nav>\n\t\t\t\t\t\t<\/div>\n\t\t\t\t<\/div>\n\t\t\t\t<div class=\"elementor-element elementor-element-1d203e86 elementor-widget-divider--view-line elementor-widget elementor-widget-divider\" data-id=\"1d203e86\" data-element_type=\"widget\" data-widget_type=\"divider.default\">\n\t\t\t\t<div class=\"elementor-widget-container\">\n\t\t\t\t\t\t\t<div class=\"elementor-divider\">\n\t\t\t<span class=\"elementor-divider-separator\">\n\t\t\t\t\t\t<\/span>\n\t\t<\/div>\n\t\t\t\t\t\t<\/div>\n\t\t\t\t<\/div>\n\t\t\t\t\t<\/div>\n\t\t<\/div>\n\t\t\t\t\t<\/div>\n\t\t<\/section>\n\t\t\t\t<section class=\"elementor-section elementor-inner-section elementor-element elementor-element-267c9acd elementor-section-boxed elementor-section-height-default elementor-section-height-default\" data-id=\"267c9acd\" data-element_type=\"section\" data-settings=\"{&quot;background_background&quot;:&quot;classic&quot;}\">\n\t\t\t\t\t\t<div class=\"elementor-container elementor-column-gap-default\">\n\t\t\t\t\t<div class=\"elementor-column elementor-col-50 elementor-inner-column elementor-element elementor-element-f129153 z_index_content\" data-id=\"f129153\" data-element_type=\"column\" data-settings=\"{&quot;background_background&quot;:&quot;classic&quot;}\">\n\t\t\t<div class=\"elementor-widget-wrap elementor-element-populated\">\n\t\t\t\t\t\t<div class=\"elementor-element elementor-element-74feaf4 elementor-widget elementor-widget-image\" data-id=\"74feaf4\" data-element_type=\"widget\" data-widget_type=\"image.default\">\n\t\t\t\t<div class=\"elementor-widget-container\">\n\t\t\t\t\t\t\t\t\t\t\t\t\t\t\t<img loading=\"lazy\" decoding=\"async\" width=\"525\" height=\"525\" src=\"https:\/\/stanzautomation.de\/wp-content\/uploads\/2020\/05\/IMG_5533freigestellt_1500x1500-1024x1024.jpg\" class=\"attachment-large size-large wp-image-1425\" alt=\"\" srcset=\"https:\/\/stanzautomation.de\/wp-content\/uploads\/2020\/05\/IMG_5533freigestellt_1500x1500-1024x1024.jpg 1024w, https:\/\/stanzautomation.de\/wp-content\/uploads\/2020\/05\/IMG_5533freigestellt_1500x1500-300x300.jpg 300w, https:\/\/stanzautomation.de\/wp-content\/uploads\/2020\/05\/IMG_5533freigestellt_1500x1500-150x150.jpg 150w, https:\/\/stanzautomation.de\/wp-content\/uploads\/2020\/05\/IMG_5533freigestellt_1500x1500-768x768.jpg 768w, https:\/\/stanzautomation.de\/wp-content\/uploads\/2020\/05\/IMG_5533freigestellt_1500x1500-100x100.jpg 100w, https:\/\/stanzautomation.de\/wp-content\/uploads\/2020\/05\/IMG_5533freigestellt_1500x1500.jpg 1500w\" sizes=\"auto, 100vw\" \/>\t\t\t\t\t\t\t\t\t\t\t\t\t\t\t<\/div>\n\t\t\t\t<\/div>\n\t\t\t\t\t<\/div>\n\t\t<\/div>\n\t\t\t\t<div class=\"elementor-column elementor-col-50 elementor-inner-column elementor-element elementor-element-ace7a92 z_index_content\" data-id=\"ace7a92\" data-element_type=\"column\" data-settings=\"{&quot;background_background&quot;:&quot;classic&quot;}\">\n\t\t\t<div class=\"elementor-widget-wrap elementor-element-populated\">\n\t\t\t\t\t\t<div class=\"elementor-element elementor-element-5be8a9ef elementor-widget elementor-widget-heading\" data-id=\"5be8a9ef\" data-element_type=\"widget\" data-widget_type=\"heading.default\">\n\t\t\t\t<div class=\"elementor-widget-container\">\n\t\t\t\t\t<h3 class=\"elementor-heading-title elementor-size-default\">Options<\/h3>\t\t\t\t<\/div>\n\t\t\t\t<\/div>\n\t\t\t\t<div class=\"elementor-element elementor-element-4dba0777 elementor-widget elementor-widget-text-editor\" data-id=\"4dba0777\" data-element_type=\"widget\" data-widget_type=\"text-editor.default\">\n\t\t\t\t<div class=\"elementor-widget-container\">\n\t\t\t\t\t\t\t\t\t<p>The PWA series  can be extended using a large number of modules.<\/p>\t\t\t\t\t\t\t\t<\/div>\n\t\t\t\t<\/div>\n\t\t\t\t<div class=\"elementor-element elementor-element-22917880 elementor-widget elementor-widget-accordion\" data-id=\"22917880\" data-element_type=\"widget\" data-widget_type=\"accordion.default\">\n\t\t\t\t<div class=\"elementor-widget-container\">\n\t\t\t\t\t\t\t<div class=\"elementor-accordion\">\n\t\t\t\t\t\t\t<div class=\"elementor-accordion-item\">\n\t\t\t\t\t<div id=\"elementor-tab-title-5791\" class=\"elementor-tab-title\" data-tab=\"1\" role=\"button\" aria-controls=\"elementor-tab-content-5791\" aria-expanded=\"false\">\n\t\t\t\t\t\t\t\t\t\t\t\t\t<span class=\"elementor-accordion-icon elementor-accordion-icon-left\" aria-hidden=\"true\">\n\t\t\t\t\t\t\t\t\t\t\t\t\t\t\t<span class=\"elementor-accordion-icon-closed\"><i class=\"fas fa-chevron-down\"><\/i><\/span>\n\t\t\t\t\t\t\t\t<span class=\"elementor-accordion-icon-opened\"><i class=\"fas fa-minus\"><\/i><\/span>\n\t\t\t\t\t\t\t\t\t\t\t\t\t\t<\/span>\n\t\t\t\t\t\t\t\t\t\t\t\t<a class=\"elementor-accordion-title\" tabindex=\"0\">Paper rewinder<\/a>\n\t\t\t\t\t<\/div>\n\t\t\t\t\t<div id=\"elementor-tab-content-5791\" class=\"elementor-tab-content elementor-clearfix\" data-tab=\"1\" role=\"region\" aria-labelledby=\"elementor-tab-title-5791\"><table style=\"margin-top: 10px; border-collapse: collapse; width: 100%; margin-left: -20px;\">\n<tbody>\n<tr>\n<td style=\"width: 50%;\"><img loading=\"lazy\" decoding=\"async\" class=\"alignnone size-medium wp-image-3127\" src=\"https:\/\/stanzautomation.de\/wp-content\/uploads\/2020\/10\/IMG_7484-300x196.jpg\" alt=\"\" width=\"300\" height=\"196\" srcset=\"https:\/\/stanzautomation.de\/wp-content\/uploads\/2020\/10\/IMG_7484-300x196.jpg 300w, https:\/\/stanzautomation.de\/wp-content\/uploads\/2020\/10\/IMG_7484-1024x669.jpg 1024w, https:\/\/stanzautomation.de\/wp-content\/uploads\/2020\/10\/IMG_7484-768x502.jpg 768w, https:\/\/stanzautomation.de\/wp-content\/uploads\/2020\/10\/IMG_7484-1536x1004.jpg 1536w, https:\/\/stanzautomation.de\/wp-content\/uploads\/2020\/10\/IMG_7484-2048x1338.jpg 2048w, https:\/\/stanzautomation.de\/wp-content\/uploads\/2020\/10\/IMG_7484-16x10.jpg 16w\" sizes=\"auto, (max-width: 300px) 100vw, 300px\" \/> <img loading=\"lazy\" decoding=\"async\" class=\"alignnone size-medium wp-image-3128\" src=\"https:\/\/stanzautomation.de\/wp-content\/uploads\/2020\/10\/IMG_7488-300x196.jpg\" alt=\"\" width=\"300\" height=\"196\" srcset=\"https:\/\/stanzautomation.de\/wp-content\/uploads\/2020\/10\/IMG_7488-300x196.jpg 300w, https:\/\/stanzautomation.de\/wp-content\/uploads\/2020\/10\/IMG_7488-1024x669.jpg 1024w, https:\/\/stanzautomation.de\/wp-content\/uploads\/2020\/10\/IMG_7488-768x502.jpg 768w, https:\/\/stanzautomation.de\/wp-content\/uploads\/2020\/10\/IMG_7488-1536x1004.jpg 1536w, https:\/\/stanzautomation.de\/wp-content\/uploads\/2020\/10\/IMG_7488-2048x1338.jpg 2048w, https:\/\/stanzautomation.de\/wp-content\/uploads\/2020\/10\/IMG_7488-16x10.jpg 16w\" sizes=\"auto, (max-width: 300px) 100vw, 300px\" \/> <img loading=\"lazy\" decoding=\"async\" class=\"alignnone size-medium wp-image-3129\" src=\"https:\/\/stanzautomation.de\/wp-content\/uploads\/2020\/10\/IMG_7489-300x196.jpg\" alt=\"\" width=\"300\" height=\"196\" srcset=\"https:\/\/stanzautomation.de\/wp-content\/uploads\/2020\/10\/IMG_7489-300x196.jpg 300w, https:\/\/stanzautomation.de\/wp-content\/uploads\/2020\/10\/IMG_7489-1024x669.jpg 1024w, https:\/\/stanzautomation.de\/wp-content\/uploads\/2020\/10\/IMG_7489-768x502.jpg 768w, https:\/\/stanzautomation.de\/wp-content\/uploads\/2020\/10\/IMG_7489-1536x1004.jpg 1536w, https:\/\/stanzautomation.de\/wp-content\/uploads\/2020\/10\/IMG_7489-2048x1338.jpg 2048w, https:\/\/stanzautomation.de\/wp-content\/uploads\/2020\/10\/IMG_7489-16x10.jpg 16w\" sizes=\"auto, (max-width: 300px) 100vw, 300px\" \/><\/td>\n<\/tr>\n<\/tbody>\n<\/table><\/div>\n\t\t\t\t<\/div>\n\t\t\t\t\t\t\t<div class=\"elementor-accordion-item\">\n\t\t\t\t\t<div id=\"elementor-tab-title-5792\" class=\"elementor-tab-title\" data-tab=\"2\" role=\"button\" aria-controls=\"elementor-tab-content-5792\" aria-expanded=\"false\">\n\t\t\t\t\t\t\t\t\t\t\t\t\t<span class=\"elementor-accordion-icon elementor-accordion-icon-left\" aria-hidden=\"true\">\n\t\t\t\t\t\t\t\t\t\t\t\t\t\t\t<span class=\"elementor-accordion-icon-closed\"><i class=\"fas fa-chevron-down\"><\/i><\/span>\n\t\t\t\t\t\t\t\t<span class=\"elementor-accordion-icon-opened\"><i class=\"fas fa-minus\"><\/i><\/span>\n\t\t\t\t\t\t\t\t\t\t\t\t\t\t<\/span>\n\t\t\t\t\t\t\t\t\t\t\t\t<a class=\"elementor-accordion-title\" tabindex=\"0\">Counting, measuring, checking<\/a>\n\t\t\t\t\t<\/div>\n\t\t\t\t\t<div id=\"elementor-tab-content-5792\" class=\"elementor-tab-content elementor-clearfix\" data-tab=\"2\" role=\"region\" aria-labelledby=\"elementor-tab-title-5792\"><table style=\"border-collapse: collapse; width: 100%; margin-left: -20px;\">\n<tbody>\n<tr>\n<td style=\"width: 46.9274%;\"><img loading=\"lazy\" decoding=\"async\" class=\"alignnone size-medium wp-image-870\" src=\"https:\/\/stanzautomation.de\/wp-content\/uploads\/2020\/03\/img_3003-300x169.jpg\" alt=\"\" width=\"300\" height=\"169\" srcset=\"https:\/\/stanzautomation.de\/wp-content\/uploads\/2020\/03\/img_3003-300x169.jpg 300w, https:\/\/stanzautomation.de\/wp-content\/uploads\/2020\/03\/img_3003-768x432.jpg 768w, https:\/\/stanzautomation.de\/wp-content\/uploads\/2020\/03\/img_3003.jpg 1000w\" sizes=\"auto, (max-width: 300px) 100vw, 300px\" \/><img loading=\"lazy\" decoding=\"async\" class=\"alignnone size-medium wp-image-871\" src=\"https:\/\/stanzautomation.de\/wp-content\/uploads\/2020\/03\/IMG_2840-300x169.jpg\" alt=\"\" width=\"300\" height=\"169\" srcset=\"https:\/\/stanzautomation.de\/wp-content\/uploads\/2020\/03\/IMG_2840-300x169.jpg 300w, https:\/\/stanzautomation.de\/wp-content\/uploads\/2020\/03\/IMG_2840-768x432.jpg 768w, https:\/\/stanzautomation.de\/wp-content\/uploads\/2020\/03\/IMG_2840.jpg 1000w\" sizes=\"auto, (max-width: 300px) 100vw, 300px\" \/><\/td>\n<td style=\"width: 52.8115%; padding-left: 40px; vertical-align: top;\">\n<ul style=\"list-style-type: square;\">\n<li>Strip guide steplessly adjustable in X, Y and Z directions<\/li>\n<li>\n<p>Parts counting via a photoelectric barrier with visible light<\/p>\n<\/li>\n<li>\n<p>Integration of measuring or testing system according to the customer\u2019s wishes<\/p>\n<\/li>\n<\/ul>\n<\/td>\n<\/tr>\n<\/tbody>\n<\/table><\/div>\n\t\t\t\t<\/div>\n\t\t\t\t\t\t\t<div class=\"elementor-accordion-item\">\n\t\t\t\t\t<div id=\"elementor-tab-title-5793\" class=\"elementor-tab-title\" data-tab=\"3\" role=\"button\" aria-controls=\"elementor-tab-content-5793\" aria-expanded=\"false\">\n\t\t\t\t\t\t\t\t\t\t\t\t\t<span class=\"elementor-accordion-icon elementor-accordion-icon-left\" aria-hidden=\"true\">\n\t\t\t\t\t\t\t\t\t\t\t\t\t\t\t<span class=\"elementor-accordion-icon-closed\"><i class=\"fas fa-chevron-down\"><\/i><\/span>\n\t\t\t\t\t\t\t\t<span class=\"elementor-accordion-icon-opened\"><i class=\"fas fa-minus\"><\/i><\/span>\n\t\t\t\t\t\t\t\t\t\t\t\t\t\t<\/span>\n\t\t\t\t\t\t\t\t\t\t\t\t<a class=\"elementor-accordion-title\" tabindex=\"0\">Surface Protection<\/a>\n\t\t\t\t\t<\/div>\n\t\t\t\t\t<div id=\"elementor-tab-content-5793\" class=\"elementor-tab-content elementor-clearfix\" data-tab=\"3\" role=\"region\" aria-labelledby=\"elementor-tab-title-5793\"><p style=\"margin-top: 10px;  margin-left: -20px;\"><img loading=\"lazy\" decoding=\"async\" class=\"alignnone size-medium wp-image-2029\" src=\"https:\/\/stanzautomation.de\/wp-content\/uploads\/2020\/06\/IMG_7260-300x169.jpg\" alt=\"\" width=\"300\" height=\"169\" srcset=\"https:\/\/stanzautomation.de\/wp-content\/uploads\/2020\/06\/IMG_7260-300x169.jpg 300w, https:\/\/stanzautomation.de\/wp-content\/uploads\/2020\/06\/IMG_7260-1024x576.jpg 1024w, https:\/\/stanzautomation.de\/wp-content\/uploads\/2020\/06\/IMG_7260-768x432.jpg 768w, https:\/\/stanzautomation.de\/wp-content\/uploads\/2020\/06\/IMG_7260-1536x864.jpg 1536w, https:\/\/stanzautomation.de\/wp-content\/uploads\/2020\/06\/IMG_7260-2048x1152.jpg 2048w\" sizes=\"auto, (max-width: 300px) 100vw, 300px\" \/><\/p><\/div>\n\t\t\t\t<\/div>\n\t\t\t\t\t\t\t\t<\/div>\n\t\t\t\t\t\t<\/div>\n\t\t\t\t<\/div>\n\t\t\t\t\t<\/div>\n\t\t<\/div>\n\t\t\t\t\t<\/div>\n\t\t<\/section>\n\t\t\t\t<section class=\"elementor-section elementor-inner-section elementor-element elementor-element-4a2e99f7 elementor-section-boxed elementor-section-height-default elementor-section-height-default\" data-id=\"4a2e99f7\" data-element_type=\"section\">\n\t\t\t\t\t\t<div class=\"elementor-container elementor-column-gap-default\">\n\t\t\t\t\t<div class=\"elementor-column elementor-col-50 elementor-inner-column elementor-element elementor-element-bb7a17e\" data-id=\"bb7a17e\" data-element_type=\"column\">\n\t\t\t<div class=\"elementor-widget-wrap\">\n\t\t\t\t\t\t\t<\/div>\n\t\t<\/div>\n\t\t\t\t<div class=\"elementor-column elementor-col-50 elementor-inner-column elementor-element elementor-element-e46e2f0\" data-id=\"e46e2f0\" data-element_type=\"column\">\n\t\t\t<div class=\"elementor-widget-wrap\">\n\t\t\t\t\t\t\t<\/div>\n\t\t<\/div>\n\t\t\t\t\t<\/div>\n\t\t<\/section>\n\t\t\t\t\t<\/div>\n\t\t<\/div>\n\t\t\t\t\t<\/div>\n\t\t<\/section>\n\t\t\t\t<\/div>","protected":false},"excerpt":{"rendered":"<p>Horizontale Aufwickler Baureihe PWA Optionen Die horizontalen Aufwickler der PWA-Serie lassen sich durch eine vielzahl von Modulen erweitern. Papierwickler Z\u00e4hlen, Messen, Pr\u00fcfen Streifenf\u00fchrung in X-, Y- und Z-Richtung stufenlos einstellbar &hellip; <\/p>\n<p class=\"link-more\"><a href=\"https:\/\/stanzautomation.de\/en\/horizontale-aufwickler-optionen\" class=\"more-link\">Continue reading<span class=\"screen-reader-text\"> &#8222;Horizontale Aufwickler Optionen&#8220;<\/span><\/a><\/p>","protected":false},"author":1,"featured_media":0,"parent":0,"menu_order":0,"comment_status":"closed","ping_status":"closed","template":"","meta":{"footnotes":""},"class_list":["post-1432","page","type-page","status-publish","hentry"],"_links":{"self":[{"href":"https:\/\/stanzautomation.de\/en\/wp-json\/wp\/v2\/pages\/1432","targetHints":{"allow":["GET"]}}],"collection":[{"href":"https:\/\/stanzautomation.de\/en\/wp-json\/wp\/v2\/pages"}],"about":[{"href":"https:\/\/stanzautomation.de\/en\/wp-json\/wp\/v2\/types\/page"}],"author":[{"embeddable":true,"href":"https:\/\/stanzautomation.de\/en\/wp-json\/wp\/v2\/users\/1"}],"replies":[{"embeddable":true,"href":"https:\/\/stanzautomation.de\/en\/wp-json\/wp\/v2\/comments?post=1432"}],"version-history":[{"count":11,"href":"https:\/\/stanzautomation.de\/en\/wp-json\/wp\/v2\/pages\/1432\/revisions"}],"predecessor-version":[{"id":3130,"href":"https:\/\/stanzautomation.de\/en\/wp-json\/wp\/v2\/pages\/1432\/revisions\/3130"}],"wp:attachment":[{"href":"https:\/\/stanzautomation.de\/en\/wp-json\/wp\/v2\/media?parent=1432"}],"curies":[{"name":"wp","href":"https:\/\/api.w.org\/{rel}","templated":true}]}}