{"id":1456,"date":"2020-05-09T11:25:02","date_gmt":"2020-05-09T11:25:02","guid":{"rendered":"https:\/\/stanzautomation.de\/?page_id=1456"},"modified":"2020-09-03T11:56:37","modified_gmt":"2020-09-03T11:56:37","slug":"kistenwechselsysteme-highlights","status":"publish","type":"page","link":"https:\/\/stanzautomation.de\/en\/kistenwechselsysteme-highlights","title":{"rendered":"Kistenwechselsysteme Highlights"},"content":{"rendered":"<div data-elementor-type=\"wp-page\" data-elementor-id=\"1456\" class=\"elementor elementor-1456\" data-elementor-post-type=\"page\">\n\t\t\t\t\t\t<section class=\"elementor-section elementor-top-section elementor-element elementor-element-a006058 elementor-section-stretched elementor-section-full_width elementor-section-height-default elementor-section-height-default\" data-id=\"a006058\" data-element_type=\"section\" data-settings=\"{&quot;stretch_section&quot;:&quot;section-stretched&quot;,&quot;background_background&quot;:&quot;classic&quot;}\">\n\t\t\t\t\t\t<div class=\"elementor-container elementor-column-gap-default\">\n\t\t\t\t\t<div class=\"elementor-column elementor-col-100 elementor-top-column elementor-element elementor-element-bd1152\" data-id=\"bd1152\" data-element_type=\"column\" data-settings=\"{&quot;background_background&quot;:&quot;classic&quot;}\">\n\t\t\t<div class=\"elementor-widget-wrap elementor-element-populated\">\n\t\t\t\t\t\t<div class=\"elementor-element elementor-element-3c56a3e elementor-widget elementor-widget-text-editor\" data-id=\"3c56a3e\" data-element_type=\"widget\" data-widget_type=\"text-editor.default\">\n\t\t\t\t<div class=\"elementor-widget-container\">\n\t\t\t\t\t\t\t\t\t\n<div style=\"height:100px\" aria-hidden=\"true\" class=\"wp-block-spacer\"><\/div>\n\t\t\t\t\t\t\t\t<\/div>\n\t\t\t\t<\/div>\n\t\t\t\t\t<\/div>\n\t\t<\/div>\n\t\t\t\t\t<\/div>\n\t\t<\/section>\n\t\t\t\t<section class=\"elementor-section elementor-top-section elementor-element elementor-element-3aef5e3f elementor-section-stretched elementor-section-full_width elementor-section-height-default elementor-section-height-default\" data-id=\"3aef5e3f\" data-element_type=\"section\" data-settings=\"{&quot;stretch_section&quot;:&quot;section-stretched&quot;}\">\n\t\t\t\t\t\t<div class=\"elementor-container elementor-column-gap-default\">\n\t\t\t\t\t<div class=\"elementor-column elementor-col-100 elementor-top-column elementor-element elementor-element-33da3e16\" data-id=\"33da3e16\" data-element_type=\"column\">\n\t\t\t<div class=\"elementor-widget-wrap elementor-element-populated\">\n\t\t\t\t\t\t<div class=\"elementor-element elementor-element-7a0924a5 elementor-widget elementor-widget-spacer\" data-id=\"7a0924a5\" data-element_type=\"widget\" data-widget_type=\"spacer.default\">\n\t\t\t\t<div class=\"elementor-widget-container\">\n\t\t\t\t\t\t\t<div class=\"elementor-spacer\">\n\t\t\t<div class=\"elementor-spacer-inner\"><\/div>\n\t\t<\/div>\n\t\t\t\t\t\t<\/div>\n\t\t\t\t<\/div>\n\t\t\t\t<section class=\"elementor-section elementor-inner-section elementor-element elementor-element-46af9a88 elementor-section-boxed elementor-section-height-default elementor-section-height-default\" data-id=\"46af9a88\" data-element_type=\"section\">\n\t\t\t\t\t\t<div class=\"elementor-container elementor-column-gap-default\">\n\t\t\t\t\t<div class=\"elementor-column elementor-col-100 elementor-inner-column elementor-element elementor-element-741f44a6 z_index_content\" data-id=\"741f44a6\" data-element_type=\"column\" data-settings=\"{&quot;background_background&quot;:&quot;classic&quot;}\">\n\t\t\t<div class=\"elementor-widget-wrap elementor-element-populated\">\n\t\t\t\t\t\t<div class=\"elementor-element elementor-element-491d9073 elementor-widget elementor-widget-heading\" data-id=\"491d9073\" data-element_type=\"widget\" data-widget_type=\"heading.default\">\n\t\t\t\t<div class=\"elementor-widget-container\">\n\t\t\t\t\t<h1 class=\"elementor-heading-title elementor-size-default\">Box changer system<\/h1>\t\t\t\t<\/div>\n\t\t\t\t<\/div>\n\t\t\t\t<div class=\"elementor-element elementor-element-79f90df8 elementor-widget elementor-widget-heading\" data-id=\"79f90df8\" data-element_type=\"widget\" data-widget_type=\"heading.default\">\n\t\t\t\t<div class=\"elementor-widget-container\">\n\t\t\t\t\t<h2 class=\"elementor-heading-title elementor-size-default\">KWS Series<\/h2>\t\t\t\t<\/div>\n\t\t\t\t<\/div>\n\t\t\t\t<div class=\"elementor-element elementor-element-68aa4559 elementor-nav-menu--dropdown-tablet elementor-nav-menu__text-align-aside elementor-nav-menu--toggle elementor-nav-menu--burger elementor-widget elementor-widget-nav-menu\" data-id=\"68aa4559\" data-element_type=\"widget\" data-settings=\"{&quot;submenu_icon&quot;:{&quot;value&quot;:&quot;&lt;i class=\\&quot;fas fa-chevron-down\\&quot;&gt;&lt;\\\/i&gt;&quot;,&quot;library&quot;:&quot;fa-solid&quot;},&quot;layout&quot;:&quot;horizontal&quot;,&quot;toggle&quot;:&quot;burger&quot;}\" data-widget_type=\"nav-menu.default\">\n\t\t\t\t<div class=\"elementor-widget-container\">\n\t\t\t\t\t\t\t\t<nav aria-label=\"Menu\" class=\"elementor-nav-menu--main elementor-nav-menu__container elementor-nav-menu--layout-horizontal e--pointer-underline e--animation-fade\">\n\t\t\t\t<ul id=\"menu-1-68aa4559\" class=\"elementor-nav-menu\"><li class=\"menu-item menu-item-type-post_type menu-item-object-page menu-item-1462\"><a href=\"https:\/\/stanzautomation.de\/en\/kistenwechselsysteme-highlights\" class=\"elementor-item\">Highlights<\/a><\/li>\n<li class=\"menu-item menu-item-type-post_type menu-item-object-page menu-item-1888\"><a href=\"https:\/\/stanzautomation.de\/en\/kistenwechselsysteme-videos\" class=\"elementor-item\">Videos<\/a><\/li>\n<\/ul>\t\t\t<\/nav>\n\t\t\t\t\t<div class=\"elementor-menu-toggle\" role=\"button\" tabindex=\"0\" aria-label=\"Menu Toggle\" aria-expanded=\"false\">\n\t\t\t<i aria-hidden=\"true\" role=\"presentation\" class=\"elementor-menu-toggle__icon--open eicon-menu-bar\"><\/i><i aria-hidden=\"true\" role=\"presentation\" class=\"elementor-menu-toggle__icon--close eicon-close\"><\/i>\t\t<\/div>\n\t\t\t\t\t<nav class=\"elementor-nav-menu--dropdown elementor-nav-menu__container\" aria-hidden=\"true\">\n\t\t\t\t<ul id=\"menu-2-68aa4559\" class=\"elementor-nav-menu\"><li class=\"menu-item menu-item-type-post_type menu-item-object-page menu-item-1462\"><a href=\"https:\/\/stanzautomation.de\/en\/kistenwechselsysteme-highlights\" class=\"elementor-item\" tabindex=\"-1\">Highlights<\/a><\/li>\n<li class=\"menu-item menu-item-type-post_type menu-item-object-page menu-item-1888\"><a href=\"https:\/\/stanzautomation.de\/en\/kistenwechselsysteme-videos\" class=\"elementor-item\" tabindex=\"-1\">Videos<\/a><\/li>\n<\/ul>\t\t\t<\/nav>\n\t\t\t\t\t\t<\/div>\n\t\t\t\t<\/div>\n\t\t\t\t<div class=\"elementor-element elementor-element-6cd331e4 elementor-widget-divider--view-line elementor-widget elementor-widget-divider\" data-id=\"6cd331e4\" data-element_type=\"widget\" data-widget_type=\"divider.default\">\n\t\t\t\t<div class=\"elementor-widget-container\">\n\t\t\t\t\t\t\t<div class=\"elementor-divider\">\n\t\t\t<span class=\"elementor-divider-separator\">\n\t\t\t\t\t\t<\/span>\n\t\t<\/div>\n\t\t\t\t\t\t<\/div>\n\t\t\t\t<\/div>\n\t\t\t\t\t<\/div>\n\t\t<\/div>\n\t\t\t\t\t<\/div>\n\t\t<\/section>\n\t\t\t\t<section class=\"elementor-section elementor-inner-section elementor-element elementor-element-6ba7f251 elementor-section-boxed elementor-section-height-default elementor-section-height-default\" data-id=\"6ba7f251\" data-element_type=\"section\" data-settings=\"{&quot;background_background&quot;:&quot;classic&quot;}\">\n\t\t\t\t\t\t<div class=\"elementor-container elementor-column-gap-default\">\n\t\t\t\t\t<div class=\"elementor-column elementor-col-50 elementor-inner-column elementor-element elementor-element-552cfdf7 z_index_content\" data-id=\"552cfdf7\" data-element_type=\"column\" data-settings=\"{&quot;background_background&quot;:&quot;classic&quot;}\">\n\t\t\t<div class=\"elementor-widget-wrap elementor-element-populated\">\n\t\t\t\t\t\t<div class=\"elementor-element elementor-element-1a722f43 elementor-widget elementor-widget-image\" data-id=\"1a722f43\" data-element_type=\"widget\" data-widget_type=\"image.default\">\n\t\t\t\t<div class=\"elementor-widget-container\">\n\t\t\t\t\t\t\t\t\t\t\t\t\t\t\t<img loading=\"lazy\" decoding=\"async\" width=\"525\" height=\"525\" src=\"https:\/\/stanzautomation.de\/wp-content\/uploads\/2020\/05\/kistenwechsler_freigestellt_IMG_8684_1500x1500-1024x1024.jpg\" class=\"attachment-large size-large wp-image-1459\" alt=\"\" srcset=\"https:\/\/stanzautomation.de\/wp-content\/uploads\/2020\/05\/kistenwechsler_freigestellt_IMG_8684_1500x1500-1024x1024.jpg 1024w, https:\/\/stanzautomation.de\/wp-content\/uploads\/2020\/05\/kistenwechsler_freigestellt_IMG_8684_1500x1500-300x300.jpg 300w, https:\/\/stanzautomation.de\/wp-content\/uploads\/2020\/05\/kistenwechsler_freigestellt_IMG_8684_1500x1500-150x150.jpg 150w, https:\/\/stanzautomation.de\/wp-content\/uploads\/2020\/05\/kistenwechsler_freigestellt_IMG_8684_1500x1500-768x768.jpg 768w, https:\/\/stanzautomation.de\/wp-content\/uploads\/2020\/05\/kistenwechsler_freigestellt_IMG_8684_1500x1500-12x12.jpg 12w, https:\/\/stanzautomation.de\/wp-content\/uploads\/2020\/05\/kistenwechsler_freigestellt_IMG_8684_1500x1500-100x100.jpg 100w, https:\/\/stanzautomation.de\/wp-content\/uploads\/2020\/05\/kistenwechsler_freigestellt_IMG_8684_1500x1500.jpg 1500w\" sizes=\"auto, 100vw\" \/>\t\t\t\t\t\t\t\t\t\t\t\t\t\t\t<\/div>\n\t\t\t\t<\/div>\n\t\t\t\t\t<\/div>\n\t\t<\/div>\n\t\t\t\t<div class=\"elementor-column elementor-col-50 elementor-inner-column elementor-element elementor-element-49763d50 z_index_content\" data-id=\"49763d50\" data-element_type=\"column\" data-settings=\"{&quot;background_background&quot;:&quot;classic&quot;}\">\n\t\t\t<div class=\"elementor-widget-wrap elementor-element-populated\">\n\t\t\t\t\t\t<div class=\"elementor-element elementor-element-7b32cdcb elementor-widget elementor-widget-heading\" data-id=\"7b32cdcb\" data-element_type=\"widget\" data-widget_type=\"heading.default\">\n\t\t\t\t<div class=\"elementor-widget-container\">\n\t\t\t\t\t<h3 class=\"elementor-heading-title elementor-size-default\">Highlights<\/h3>\t\t\t\t<\/div>\n\t\t\t\t<\/div>\n\t\t\t\t<div class=\"elementor-element elementor-element-6eb49a0f elementor-widget elementor-widget-accordion\" data-id=\"6eb49a0f\" data-element_type=\"widget\" data-widget_type=\"accordion.default\">\n\t\t\t\t<div class=\"elementor-widget-container\">\n\t\t\t\t\t\t\t<div class=\"elementor-accordion\">\n\t\t\t\t\t\t\t<div class=\"elementor-accordion-item\">\n\t\t\t\t\t<div id=\"elementor-tab-title-1851\" class=\"elementor-tab-title\" data-tab=\"1\" role=\"button\" aria-controls=\"elementor-tab-content-1851\" aria-expanded=\"false\">\n\t\t\t\t\t\t\t\t\t\t\t\t\t<span class=\"elementor-accordion-icon elementor-accordion-icon-left\" aria-hidden=\"true\">\n\t\t\t\t\t\t\t\t\t\t\t\t\t\t\t<span class=\"elementor-accordion-icon-closed\"><i class=\"fas fa-chevron-down\"><\/i><\/span>\n\t\t\t\t\t\t\t\t<span class=\"elementor-accordion-icon-opened\"><i class=\"fas fa-minus\"><\/i><\/span>\n\t\t\t\t\t\t\t\t\t\t\t\t\t\t<\/span>\n\t\t\t\t\t\t\t\t\t\t\t\t<a class=\"elementor-accordion-title\" tabindex=\"0\">Automatic box change without production interruption<\/a>\n\t\t\t\t\t<\/div>\n\t\t\t\t\t<div id=\"elementor-tab-content-1851\" class=\"elementor-tab-content elementor-clearfix\" data-tab=\"1\" role=\"region\" aria-labelledby=\"elementor-tab-title-1851\"><p>If the box is full, the next box is automatically reloaded, thus avoiding production interruption.<\/p><\/div>\n\t\t\t\t<\/div>\n\t\t\t\t\t\t\t<div class=\"elementor-accordion-item\">\n\t\t\t\t\t<div id=\"elementor-tab-title-1852\" class=\"elementor-tab-title\" data-tab=\"2\" role=\"button\" aria-controls=\"elementor-tab-content-1852\" aria-expanded=\"false\">\n\t\t\t\t\t\t\t\t\t\t\t\t\t<span class=\"elementor-accordion-icon elementor-accordion-icon-left\" aria-hidden=\"true\">\n\t\t\t\t\t\t\t\t\t\t\t\t\t\t\t<span class=\"elementor-accordion-icon-closed\"><i class=\"fas fa-chevron-down\"><\/i><\/span>\n\t\t\t\t\t\t\t\t<span class=\"elementor-accordion-icon-opened\"><i class=\"fas fa-minus\"><\/i><\/span>\n\t\t\t\t\t\t\t\t\t\t\t\t\t\t<\/span>\n\t\t\t\t\t\t\t\t\t\t\t\t<a class=\"elementor-accordion-title\" tabindex=\"0\">Loading and removal when production is running<\/a>\n\t\t\t\t\t<\/div>\n\t\t\t\t\t<div id=\"elementor-tab-content-1852\" class=\"elementor-tab-content elementor-clearfix\" data-tab=\"2\" role=\"region\" aria-labelledby=\"elementor-tab-title-1852\"><p style=\"margin-top: 20px;\"><img loading=\"lazy\" decoding=\"async\" class=\"alignnone size-medium wp-image-1964\" src=\"https:\/\/stanzautomation.de\/wp-content\/uploads\/2020\/06\/IMG_8699-300x200.jpg\" alt=\"\" width=\"300\" height=\"200\" srcset=\"https:\/\/stanzautomation.de\/wp-content\/uploads\/2020\/06\/IMG_8699-300x200.jpg 300w, https:\/\/stanzautomation.de\/wp-content\/uploads\/2020\/06\/IMG_8699-1024x683.jpg 1024w, https:\/\/stanzautomation.de\/wp-content\/uploads\/2020\/06\/IMG_8699-768x512.jpg 768w, https:\/\/stanzautomation.de\/wp-content\/uploads\/2020\/06\/IMG_8699-1536x1024.jpg 1536w, https:\/\/stanzautomation.de\/wp-content\/uploads\/2020\/06\/IMG_8699-2048x1365.jpg 2048w\" sizes=\"auto, (max-width: 300px) 100vw, 300px\" \/> <img loading=\"lazy\" decoding=\"async\" class=\"alignnone size-medium wp-image-1968\" src=\"https:\/\/stanzautomation.de\/wp-content\/uploads\/2020\/06\/IMG_8918-300x200.jpg\" alt=\"\" width=\"300\" height=\"200\" srcset=\"https:\/\/stanzautomation.de\/wp-content\/uploads\/2020\/06\/IMG_8918-300x200.jpg 300w, https:\/\/stanzautomation.de\/wp-content\/uploads\/2020\/06\/IMG_8918-1024x683.jpg 1024w, https:\/\/stanzautomation.de\/wp-content\/uploads\/2020\/06\/IMG_8918-768x512.jpg 768w, https:\/\/stanzautomation.de\/wp-content\/uploads\/2020\/06\/IMG_8918-1536x1024.jpg 1536w, https:\/\/stanzautomation.de\/wp-content\/uploads\/2020\/06\/IMG_8918-2048x1365.jpg 2048w\" sizes=\"auto, (max-width: 300px) 100vw, 300px\" \/><\/p><\/div>\n\t\t\t\t<\/div>\n\t\t\t\t\t\t\t<div class=\"elementor-accordion-item\">\n\t\t\t\t\t<div id=\"elementor-tab-title-1853\" class=\"elementor-tab-title\" data-tab=\"3\" role=\"button\" aria-controls=\"elementor-tab-content-1853\" aria-expanded=\"false\">\n\t\t\t\t\t\t\t\t\t\t\t\t\t<span class=\"elementor-accordion-icon elementor-accordion-icon-left\" aria-hidden=\"true\">\n\t\t\t\t\t\t\t\t\t\t\t\t\t\t\t<span class=\"elementor-accordion-icon-closed\"><i class=\"fas fa-chevron-down\"><\/i><\/span>\n\t\t\t\t\t\t\t\t<span class=\"elementor-accordion-icon-opened\"><i class=\"fas fa-minus\"><\/i><\/span>\n\t\t\t\t\t\t\t\t\t\t\t\t\t\t<\/span>\n\t\t\t\t\t\t\t\t\t\t\t\t<a class=\"elementor-accordion-title\" tabindex=\"0\">Suitable for metal and plastic containers<\/a>\n\t\t\t\t\t<\/div>\n\t\t\t\t\t<div id=\"elementor-tab-content-1853\" class=\"elementor-tab-content elementor-clearfix\" data-tab=\"3\" role=\"region\" aria-labelledby=\"elementor-tab-title-1853\"><p style=\"margin-top: 20px\"><img loading=\"lazy\" decoding=\"async\" class=\"alignnone size-medium wp-image-1966\" src=\"https:\/\/stanzautomation.de\/wp-content\/uploads\/2020\/06\/IMG_0885-300x200.jpg\" alt=\"\" width=\"300\" height=\"200\" srcset=\"https:\/\/stanzautomation.de\/wp-content\/uploads\/2020\/06\/IMG_0885-300x200.jpg 300w, https:\/\/stanzautomation.de\/wp-content\/uploads\/2020\/06\/IMG_0885-1024x683.jpg 1024w, https:\/\/stanzautomation.de\/wp-content\/uploads\/2020\/06\/IMG_0885-768x512.jpg 768w, https:\/\/stanzautomation.de\/wp-content\/uploads\/2020\/06\/IMG_0885-1536x1024.jpg 1536w, https:\/\/stanzautomation.de\/wp-content\/uploads\/2020\/06\/IMG_0885-2048x1365.jpg 2048w\" sizes=\"auto, (max-width: 300px) 100vw, 300px\" \/><img loading=\"lazy\" decoding=\"async\" class=\"alignnone size-medium wp-image-2725\" src=\"https:\/\/stanzautomation.de\/wp-content\/uploads\/2020\/09\/IMG_2051-300x200.jpg\" alt=\"\" width=\"300\" height=\"200\" srcset=\"https:\/\/stanzautomation.de\/wp-content\/uploads\/2020\/09\/IMG_2051-300x200.jpg 300w, https:\/\/stanzautomation.de\/wp-content\/uploads\/2020\/09\/IMG_2051-1024x683.jpg 1024w, https:\/\/stanzautomation.de\/wp-content\/uploads\/2020\/09\/IMG_2051-768x512.jpg 768w, https:\/\/stanzautomation.de\/wp-content\/uploads\/2020\/09\/IMG_2051-1536x1024.jpg 1536w, https:\/\/stanzautomation.de\/wp-content\/uploads\/2020\/09\/IMG_2051-2048x1365.jpg 2048w\" sizes=\"auto, (max-width: 300px) 100vw, 300px\" \/><\/p><\/div>\n\t\t\t\t<\/div>\n\t\t\t\t\t\t\t<div class=\"elementor-accordion-item\">\n\t\t\t\t\t<div id=\"elementor-tab-title-1854\" class=\"elementor-tab-title\" data-tab=\"4\" role=\"button\" aria-controls=\"elementor-tab-content-1854\" aria-expanded=\"false\">\n\t\t\t\t\t\t\t\t\t\t\t\t\t<span class=\"elementor-accordion-icon elementor-accordion-icon-left\" aria-hidden=\"true\">\n\t\t\t\t\t\t\t\t\t\t\t\t\t\t\t<span class=\"elementor-accordion-icon-closed\"><i class=\"fas fa-chevron-down\"><\/i><\/span>\n\t\t\t\t\t\t\t\t<span class=\"elementor-accordion-icon-opened\"><i class=\"fas fa-minus\"><\/i><\/span>\n\t\t\t\t\t\t\t\t\t\t\t\t\t\t<\/span>\n\t\t\t\t\t\t\t\t\t\t\t\t<a class=\"elementor-accordion-title\" tabindex=\"0\">Easy to operate via Touch Panel<\/a>\n\t\t\t\t\t<\/div>\n\t\t\t\t\t<div id=\"elementor-tab-content-1854\" class=\"elementor-tab-content elementor-clearfix\" data-tab=\"4\" role=\"region\" aria-labelledby=\"elementor-tab-title-1854\"><table style=\"border-collapse: collapse; width: 100%;\">\n<tbody>\n<tr>\n<td style=\"width: 46.9274%;\"><img loading=\"lazy\" decoding=\"async\" class=\"alignnone size-large wp-image-2637\" src=\"https:\/\/stanzautomation.de\/wp-content\/uploads\/2020\/08\/IMG_8881-1024x683.jpg\" alt=\"\" width=\"525\" height=\"350\" srcset=\"https:\/\/stanzautomation.de\/wp-content\/uploads\/2020\/08\/IMG_8881-1024x683.jpg 1024w, https:\/\/stanzautomation.de\/wp-content\/uploads\/2020\/08\/IMG_8881-300x200.jpg 300w, https:\/\/stanzautomation.de\/wp-content\/uploads\/2020\/08\/IMG_8881-768x512.jpg 768w, https:\/\/stanzautomation.de\/wp-content\/uploads\/2020\/08\/IMG_8881-1536x1024.jpg 1536w, https:\/\/stanzautomation.de\/wp-content\/uploads\/2020\/08\/IMG_8881-2048x1365.jpg 2048w\" sizes=\"auto, (max-width: 525px) 100vw, 525px\" \/><\/td>\n<td style=\"width: 52.8115%; padding-left: 40px; vertical-align: top;\">\n<h5>Touch Panel<\/h5>\n<ul style=\"list-style-type: square;\">\n<li>Single touch operation<\/li>\n<li>User-optimised design<\/li>\n<li>Easy to update<\/li>\n<\/ul>\n<\/td>\n<\/tr>\n<\/tbody>\n<\/table><\/div>\n\t\t\t\t<\/div>\n\t\t\t\t\t\t\t<div class=\"elementor-accordion-item\">\n\t\t\t\t\t<div id=\"elementor-tab-title-1855\" class=\"elementor-tab-title\" data-tab=\"5\" role=\"button\" aria-controls=\"elementor-tab-content-1855\" aria-expanded=\"false\">\n\t\t\t\t\t\t\t\t\t\t\t\t\t<span class=\"elementor-accordion-icon elementor-accordion-icon-left\" aria-hidden=\"true\">\n\t\t\t\t\t\t\t\t\t\t\t\t\t\t\t<span class=\"elementor-accordion-icon-closed\"><i class=\"fas fa-chevron-down\"><\/i><\/span>\n\t\t\t\t\t\t\t\t<span class=\"elementor-accordion-icon-opened\"><i class=\"fas fa-minus\"><\/i><\/span>\n\t\t\t\t\t\t\t\t\t\t\t\t\t\t<\/span>\n\t\t\t\t\t\t\t\t\t\t\t\t<a class=\"elementor-accordion-title\" tabindex=\"0\">Network-capable integration<\/a>\n\t\t\t\t\t<\/div>\n\t\t\t\t\t<div id=\"elementor-tab-content-1855\" class=\"elementor-tab-content elementor-clearfix\" data-tab=\"5\" role=\"region\" aria-labelledby=\"elementor-tab-title-1855\"><p style=\"margin-top: 20px;\"><img loading=\"lazy\" decoding=\"async\" class=\"alignnone size-medium wp-image-2456\" src=\"https:\/\/stanzautomation.de\/wp-content\/uploads\/2020\/07\/remote_control-289x300.jpg\" alt=\"\" width=\"289\" height=\"300\" srcset=\"https:\/\/stanzautomation.de\/wp-content\/uploads\/2020\/07\/remote_control-289x300.jpg 289w, https:\/\/stanzautomation.de\/wp-content\/uploads\/2020\/07\/remote_control.jpg 385w\" sizes=\"auto, (max-width: 289px) 100vw, 289px\" \/><\/p>\n<\/div>\n\t\t\t\t<\/div>\n\t\t\t\t\t\t\t\t<\/div>\n\t\t\t\t\t\t<\/div>\n\t\t\t\t<\/div>\n\t\t\t\t\t<\/div>\n\t\t<\/div>\n\t\t\t\t\t<\/div>\n\t\t<\/section>\n\t\t\t\t\t<\/div>\n\t\t<\/div>\n\t\t\t\t\t<\/div>\n\t\t<\/section>\n\t\t\t\t<\/div>","protected":false},"excerpt":{"rendered":"<p>Kistenwechselsysteme Baureihe KWS Highlights Automatischer Kistenwechsel ohne Produktionsunterbrechung Ist die Kiste voll, wird sofort die n\u00e4chste Kiste nachgeladen, so kommt es zu keiner Produktionsunterbrechung Best\u00fcckung und Entnahme w\u00e4hrend laufender Produktion &hellip; <\/p>\n<p class=\"link-more\"><a href=\"https:\/\/stanzautomation.de\/en\/kistenwechselsysteme-highlights\" class=\"more-link\">Continue reading<span class=\"screen-reader-text\"> &#8222;Kistenwechselsysteme Highlights&#8220;<\/span><\/a><\/p>","protected":false},"author":1,"featured_media":0,"parent":0,"menu_order":0,"comment_status":"closed","ping_status":"closed","template":"","meta":{"footnotes":""},"class_list":["post-1456","page","type-page","status-publish","hentry"],"_links":{"self":[{"href":"https:\/\/stanzautomation.de\/en\/wp-json\/wp\/v2\/pages\/1456","targetHints":{"allow":["GET"]}}],"collection":[{"href":"https:\/\/stanzautomation.de\/en\/wp-json\/wp\/v2\/pages"}],"about":[{"href":"https:\/\/stanzautomation.de\/en\/wp-json\/wp\/v2\/types\/page"}],"author":[{"embeddable":true,"href":"https:\/\/stanzautomation.de\/en\/wp-json\/wp\/v2\/users\/1"}],"replies":[{"embeddable":true,"href":"https:\/\/stanzautomation.de\/en\/wp-json\/wp\/v2\/comments?post=1456"}],"version-history":[{"count":13,"href":"https:\/\/stanzautomation.de\/en\/wp-json\/wp\/v2\/pages\/1456\/revisions"}],"predecessor-version":[{"id":2726,"href":"https:\/\/stanzautomation.de\/en\/wp-json\/wp\/v2\/pages\/1456\/revisions\/2726"}],"wp:attachment":[{"href":"https:\/\/stanzautomation.de\/en\/wp-json\/wp\/v2\/media?parent=1456"}],"curies":[{"name":"wp","href":"https:\/\/api.w.org\/{rel}","templated":true}]}}