{"id":2202,"date":"2020-07-03T08:13:58","date_gmt":"2020-07-03T08:13:58","guid":{"rendered":"https:\/\/stanzautomation.de\/?page_id=2202"},"modified":"2020-11-17T09:26:45","modified_gmt":"2020-11-17T09:26:45","slug":"meilensteine","status":"publish","type":"page","link":"https:\/\/stanzautomation.de\/en\/meilensteine","title":{"rendered":"Milestones"},"content":{"rendered":"<div data-elementor-type=\"wp-page\" data-elementor-id=\"2202\" class=\"elementor elementor-2202\" data-elementor-post-type=\"page\">\n\t\t\t\t\t\t<section class=\"elementor-section elementor-top-section elementor-element elementor-element-764a2e5e elementor-section-stretched elementor-section-full_width elementor-section-height-default elementor-section-height-default\" data-id=\"764a2e5e\" data-element_type=\"section\" data-settings=\"{&quot;stretch_section&quot;:&quot;section-stretched&quot;,&quot;background_background&quot;:&quot;classic&quot;}\">\n\t\t\t\t\t\t<div class=\"elementor-container elementor-column-gap-default\">\n\t\t\t\t\t<div class=\"elementor-column elementor-col-100 elementor-top-column elementor-element elementor-element-157ad2cc\" data-id=\"157ad2cc\" data-element_type=\"column\" data-settings=\"{&quot;background_background&quot;:&quot;classic&quot;}\">\n\t\t\t<div class=\"elementor-widget-wrap elementor-element-populated\">\n\t\t\t\t\t\t<div class=\"elementor-element elementor-element-378489e4 elementor-widget elementor-widget-text-editor\" data-id=\"378489e4\" data-element_type=\"widget\" data-widget_type=\"text-editor.default\">\n\t\t\t\t<div class=\"elementor-widget-container\">\n\t\t\t\t\t\t\t\t\t\n<div style=\"height:100px\" aria-hidden=\"true\" class=\"wp-block-spacer\"><\/div>\n\t\t\t\t\t\t\t\t<\/div>\n\t\t\t\t<\/div>\n\t\t\t\t\t<\/div>\n\t\t<\/div>\n\t\t\t\t\t<\/div>\n\t\t<\/section>\n\t\t\t\t<section class=\"elementor-section elementor-top-section elementor-element elementor-element-6b773151 elementor-section-stretched elementor-section-full_width elementor-section-height-default elementor-section-height-default\" data-id=\"6b773151\" data-element_type=\"section\" data-settings=\"{&quot;stretch_section&quot;:&quot;section-stretched&quot;}\">\n\t\t\t\t\t\t<div class=\"elementor-container elementor-column-gap-default\">\n\t\t\t\t\t<div class=\"elementor-column elementor-col-100 elementor-top-column elementor-element elementor-element-2cd2597\" data-id=\"2cd2597\" data-element_type=\"column\">\n\t\t\t<div class=\"elementor-widget-wrap elementor-element-populated\">\n\t\t\t\t\t\t<div class=\"elementor-element elementor-element-32e857a5 elementor-widget elementor-widget-spacer\" data-id=\"32e857a5\" data-element_type=\"widget\" data-widget_type=\"spacer.default\">\n\t\t\t\t<div class=\"elementor-widget-container\">\n\t\t\t\t\t\t\t<div class=\"elementor-spacer\">\n\t\t\t<div class=\"elementor-spacer-inner\"><\/div>\n\t\t<\/div>\n\t\t\t\t\t\t<\/div>\n\t\t\t\t<\/div>\n\t\t\t\t<section class=\"elementor-section elementor-inner-section elementor-element elementor-element-22f08d9f elementor-section-boxed elementor-section-height-default elementor-section-height-default\" data-id=\"22f08d9f\" data-element_type=\"section\">\n\t\t\t\t\t\t<div class=\"elementor-container elementor-column-gap-default\">\n\t\t\t\t\t<div class=\"elementor-column elementor-col-100 elementor-inner-column elementor-element elementor-element-48671a0e z_index_content\" data-id=\"48671a0e\" data-element_type=\"column\" data-settings=\"{&quot;background_background&quot;:&quot;classic&quot;}\">\n\t\t\t<div class=\"elementor-widget-wrap elementor-element-populated\">\n\t\t\t\t\t\t<div class=\"elementor-element elementor-element-610623c0 elementor-widget elementor-widget-heading\" data-id=\"610623c0\" data-element_type=\"widget\" data-widget_type=\"heading.default\">\n\t\t\t\t<div class=\"elementor-widget-container\">\n\t\t\t\t\t<h1 class=\"elementor-heading-title elementor-size-default\">Milestones<\/h1>\t\t\t\t<\/div>\n\t\t\t\t<\/div>\n\t\t\t\t<div class=\"elementor-element elementor-element-62612162 elementor-widget elementor-widget-heading\" data-id=\"62612162\" data-element_type=\"widget\" data-widget_type=\"heading.default\">\n\t\t\t\t<div class=\"elementor-widget-container\">\n\t\t\t\t\t<h2 class=\"elementor-heading-title elementor-size-default\">25 Jahre Hightech made in Germany<\/h2>\t\t\t\t<\/div>\n\t\t\t\t<\/div>\n\t\t\t\t<div class=\"elementor-element elementor-element-d1abca5 elementor-nav-menu--dropdown-tablet elementor-nav-menu__text-align-aside elementor-nav-menu--toggle elementor-nav-menu--burger elementor-widget elementor-widget-nav-menu\" data-id=\"d1abca5\" data-element_type=\"widget\" data-settings=\"{&quot;layout&quot;:&quot;horizontal&quot;,&quot;submenu_icon&quot;:{&quot;value&quot;:&quot;&lt;i class=\\&quot;fas fa-caret-down\\&quot;&gt;&lt;\\\/i&gt;&quot;,&quot;library&quot;:&quot;fa-solid&quot;},&quot;toggle&quot;:&quot;burger&quot;}\" data-widget_type=\"nav-menu.default\">\n\t\t\t\t<div class=\"elementor-widget-container\">\n\t\t\t\t\t\t\t\t<nav aria-label=\"Menu\" class=\"elementor-nav-menu--main elementor-nav-menu__container elementor-nav-menu--layout-horizontal e--pointer-underline e--animation-fade\">\n\t\t\t\t<ul id=\"menu-1-d1abca5\" class=\"elementor-nav-menu\"><li class=\"menu-item menu-item-type-post_type menu-item-object-page menu-item-2327\"><a href=\"https:\/\/stanzautomation.de\/en\/meilensteine\" class=\"elementor-item\">Milestones<\/a><\/li>\n<li class=\"menu-item menu-item-type-post_type menu-item-object-page menu-item-2324\"><a href=\"https:\/\/stanzautomation.de\/en\/wer-wir-sind\" class=\"elementor-item\">Who we are<\/a><\/li>\n<li class=\"menu-item menu-item-type-post_type menu-item-object-page menu-item-2325\"><a href=\"https:\/\/stanzautomation.de\/en\/entwicklung-und-konstruktion\" class=\"elementor-item\">Development &amp; Design<\/a><\/li>\n<li class=\"menu-item menu-item-type-post_type menu-item-object-page menu-item-2326\"><a href=\"https:\/\/stanzautomation.de\/en\/fertigungstechnik\" class=\"elementor-item\">Manufacturing technology<\/a><\/li>\n<li class=\"menu-item menu-item-type-post_type menu-item-object-page menu-item-2328\"><a href=\"https:\/\/stanzautomation.de\/en\/montage\" class=\"elementor-item\">Commissioning<\/a><\/li>\n<li class=\"menu-item menu-item-type-post_type menu-item-object-page menu-item-2329\"><a href=\"https:\/\/stanzautomation.de\/en\/service\" class=\"elementor-item\">Customer service<\/a><\/li>\n<li class=\"menu-item menu-item-type-post_type menu-item-object-page menu-item-2330\"><a href=\"https:\/\/stanzautomation.de\/en\/standort\" class=\"elementor-item\">Location<\/a><\/li>\n<li class=\"menu-item menu-item-type-post_type menu-item-object-page menu-item-2331\"><a href=\"https:\/\/stanzautomation.de\/en\/versand-weltweit\" class=\"elementor-item\">Deliveries<\/a><\/li>\n<\/ul>\t\t\t<\/nav>\n\t\t\t\t\t<div class=\"elementor-menu-toggle\" role=\"button\" tabindex=\"0\" aria-label=\"Menu Toggle\" aria-expanded=\"false\">\n\t\t\t<i aria-hidden=\"true\" role=\"presentation\" class=\"elementor-menu-toggle__icon--open eicon-menu-bar\"><\/i><i aria-hidden=\"true\" role=\"presentation\" class=\"elementor-menu-toggle__icon--close eicon-close\"><\/i>\t\t<\/div>\n\t\t\t\t\t<nav class=\"elementor-nav-menu--dropdown elementor-nav-menu__container\" aria-hidden=\"true\">\n\t\t\t\t<ul id=\"menu-2-d1abca5\" class=\"elementor-nav-menu\"><li class=\"menu-item menu-item-type-post_type menu-item-object-page menu-item-2327\"><a href=\"https:\/\/stanzautomation.de\/en\/meilensteine\" class=\"elementor-item\" tabindex=\"-1\">Milestones<\/a><\/li>\n<li class=\"menu-item menu-item-type-post_type menu-item-object-page menu-item-2324\"><a href=\"https:\/\/stanzautomation.de\/en\/wer-wir-sind\" class=\"elementor-item\" tabindex=\"-1\">Who we are<\/a><\/li>\n<li class=\"menu-item menu-item-type-post_type menu-item-object-page menu-item-2325\"><a href=\"https:\/\/stanzautomation.de\/en\/entwicklung-und-konstruktion\" class=\"elementor-item\" tabindex=\"-1\">Development &amp; Design<\/a><\/li>\n<li class=\"menu-item menu-item-type-post_type menu-item-object-page menu-item-2326\"><a href=\"https:\/\/stanzautomation.de\/en\/fertigungstechnik\" class=\"elementor-item\" tabindex=\"-1\">Manufacturing technology<\/a><\/li>\n<li class=\"menu-item menu-item-type-post_type menu-item-object-page menu-item-2328\"><a href=\"https:\/\/stanzautomation.de\/en\/montage\" class=\"elementor-item\" tabindex=\"-1\">Commissioning<\/a><\/li>\n<li class=\"menu-item menu-item-type-post_type menu-item-object-page menu-item-2329\"><a href=\"https:\/\/stanzautomation.de\/en\/service\" class=\"elementor-item\" tabindex=\"-1\">Customer service<\/a><\/li>\n<li class=\"menu-item menu-item-type-post_type menu-item-object-page menu-item-2330\"><a href=\"https:\/\/stanzautomation.de\/en\/standort\" class=\"elementor-item\" tabindex=\"-1\">Location<\/a><\/li>\n<li class=\"menu-item menu-item-type-post_type menu-item-object-page menu-item-2331\"><a href=\"https:\/\/stanzautomation.de\/en\/versand-weltweit\" class=\"elementor-item\" tabindex=\"-1\">Deliveries<\/a><\/li>\n<\/ul>\t\t\t<\/nav>\n\t\t\t\t\t\t<\/div>\n\t\t\t\t<\/div>\n\t\t\t\t<div class=\"elementor-element elementor-element-782de4e elementor-widget-divider--view-line elementor-widget elementor-widget-divider\" data-id=\"782de4e\" data-element_type=\"widget\" data-widget_type=\"divider.default\">\n\t\t\t\t<div class=\"elementor-widget-container\">\n\t\t\t\t\t\t\t<div class=\"elementor-divider\">\n\t\t\t<span class=\"elementor-divider-separator\">\n\t\t\t\t\t\t<\/span>\n\t\t<\/div>\n\t\t\t\t\t\t<\/div>\n\t\t\t\t<\/div>\n\t\t\t\t<div class=\"elementor-element elementor-element-291d4f0 elementor-widget elementor-widget-be-timeline\" data-id=\"291d4f0\" data-element_type=\"widget\" data-widget_type=\"be-timeline.default\">\n\t\t\t\t<div class=\"elementor-widget-container\">\n\t\t\t\t\t<ul class=\"be-pack timeline\"><li class=\"timeline-inverted\"> \n\t\t\t<div class=\"tl-circ\"><\/div>\n\t\t <div class=\"timeline-panel\">\n\t\t   <div class=\"tl-heading\">\n\t\t\t <div class=\"tl-content\">\n\n\t\t\t    \n\t\t\t\t\t\t<div class=\"timeline_pic pull-left\"><img decoding=\"async\" src=\"https:\/\/stanzautomation.de\/wp-content\/uploads\/elementor\/thumbs\/Hermle-C-650_01-owtq7y57t9ixf2d93ezpp09jmfd8ovvi2miqwezq88.jpeg\" title=\"Hermle C-650_01\" \/><\/div>\n\t\t\t\t\t\t<div class=\"be-desc\">\n\t\t\t\t\t\t\t<h2 class=\"be-title\">Mai 2020<\/h2>\t\t\t\t\t\t\t<div class=\"be-content\"><p>Delivery and Commissioning of Hermle's robot system RS 2<\/p>\n<\/div>\t\t\t\t\t\t<\/div>\n\n\t\t\t\t\t\n\t\t\t\t<\/div>\n\n\t\t\t<\/div>\n\t\t<\/div>\n\t\t\t<\/li>\n\t\t\t<li class=\"timeline-right\"> \n\t\t\t<div class=\"tl-circ\"><\/div>\n\t\t <div class=\"timeline-panel\">\n\t\t   <div class=\"tl-heading\">\n\t\t\t <div class=\"tl-content\">\n\n\t\t\t    \n\t\t\t\t\t\t\n\t\t\t\t\t\t<div class=\"be-desc\">\n\t\t\t\t\t\t\t<h2 class=\"be-title\">Mai 2020<\/h2>\t\t\t\t\t\t\t<div class=\"be-content\"><p><\/p><\/div>\t\t\t\t\t\t<\/div>\n\n\t\t\t\t\t\n\t\t\t\t<\/div>\n\n\t\t\t<\/div>\n\t\t<\/div>\n\t\t\t<\/li>\n\t\t\t<li class=\"timeline-inverted\"> \n\t\t\t<div class=\"tl-circ\"><\/div>\n\t\t <div class=\"timeline-panel\">\n\t\t   <div class=\"tl-heading\">\n\t\t\t <div class=\"tl-content\">\n\n\t\t\t    \n\t\t\t\t\t\t\n\t\t\t\t\t\t<div class=\"be-desc\">\n\t\t\t\t\t\t\t<h2 class=\"be-title\">2019<\/h2>\t\t\t\t\t\t\t<div class=\"be-content\"><p>More than 3000 machines supplied worldwide.<\/p><\/div>\t\t\t\t\t\t<\/div>\n\n\t\t\t\t\t\n\t\t\t\t<\/div>\n\n\t\t\t<\/div>\n\t\t<\/div>\n\t\t\t<\/li>\n\t\t\t<li class=\"timeline-right\"> \n\t\t\t<div class=\"tl-circ\"><\/div>\n\t\t <div class=\"timeline-panel\">\n\t\t   <div class=\"tl-heading\">\n\t\t\t <div class=\"tl-content\">\n\n\t\t\t    \n\t\t\t\t\t\t<div class=\"timeline_pic pull-left\"><img decoding=\"async\" src=\"https:\/\/stanzautomation.de\/wp-content\/uploads\/elementor\/thumbs\/IMG_8644-scaled-oul6r98sia87cr5a0sdi7m0a8giecoriq63b1va8p4.jpg\" title=\"IMG_8644\" \/><\/div>\n\t\t\t\t\t\t<div class=\"be-desc\">\n\t\t\t\t\t\t\t<h2 class=\"be-title\">2019<\/h2>\t\t\t\t\t\t\t<div class=\"be-content\"><p>Delivery and Commissionign 2nd High-Performance Machining centre model C650 by Hermle<\/p><\/div>\t\t\t\t\t\t<\/div>\n\n\t\t\t\t\t\n\t\t\t\t<\/div>\n\n\t\t\t<\/div>\n\t\t<\/div>\n\t\t\t<\/li>\n\t\t\t<li class=\"timeline-inverted\"> \n\t\t\t<div class=\"tl-circ\"><\/div>\n\t\t <div class=\"timeline-panel\">\n\t\t   <div class=\"tl-heading\">\n\t\t\t <div class=\"tl-content\">\n\n\t\t\t    \n\t\t\t\t\t\t<div class=\"timeline_pic pull-left\"><img decoding=\"async\" src=\"https:\/\/stanzautomation.de\/wp-content\/uploads\/elementor\/thumbs\/IMG_4159-scaled-oul76rkx9vgix4m9ghpwcp433c2fcwc2uxlq48ae14.jpg\" title=\"IMG_4159\" \/><\/div>\n\t\t\t\t\t\t<div class=\"be-desc\">\n\t\t\t\t\t\t\t<h2 class=\"be-title\">2018<\/h2>\t\t\t\t\t\t\t<div class=\"be-content\"><p>Introduction of the EPLAN Electric P8<\/p><\/div>\t\t\t\t\t\t<\/div>\n\n\t\t\t\t\t\n\t\t\t\t<\/div>\n\n\t\t\t<\/div>\n\t\t<\/div>\n\t\t\t<\/li>\n\t\t\t<li class=\"timeline-right\"> \n\t\t\t<div class=\"tl-circ\"><\/div>\n\t\t <div class=\"timeline-panel\">\n\t\t   <div class=\"tl-heading\">\n\t\t\t <div class=\"tl-content\">\n\n\t\t\t    \n\t\t\t\t\t\t<div class=\"timeline_pic pull-left\"><img decoding=\"async\" src=\"https:\/\/stanzautomation.de\/wp-content\/uploads\/elementor\/thumbs\/IMG_8635-scaled-oul731604kcisw1i9dm8y51658gxs6igogbahntoqw.jpg\" title=\"IMG_8635\" \/><\/div>\n\t\t\t\t\t\t<div class=\"be-desc\">\n\t\t\t\t\t\t\t<h2 class=\"be-title\">2018<\/h2>\t\t\t\t\t\t\t<div class=\"be-content\"><p>Machining centre model C650: High-End offering 5-axis<\/p><\/div>\t\t\t\t\t\t<\/div>\n\n\t\t\t\t\t\n\t\t\t\t<\/div>\n\n\t\t\t<\/div>\n\t\t<\/div>\n\t\t\t<\/li>\n\t\t\t<li class=\"timeline-inverted\"> \n\t\t\t<div class=\"tl-circ\"><\/div>\n\t\t <div class=\"timeline-panel\">\n\t\t   <div class=\"tl-heading\">\n\t\t\t <div class=\"tl-content\">\n\n\t\t\t    \n\t\t\t\t\t\t\n\t\t\t\t\t\t<div class=\"be-desc\">\n\t\t\t\t\t\t\t<h2 class=\"be-title\">2018<\/h2>\t\t\t\t\t\t\t<div class=\"be-content\"><p>More than 2700 high-end machines supplied to satisfied customers around the globe.<\/p><\/div>\t\t\t\t\t\t<\/div>\n\n\t\t\t\t\t\n\t\t\t\t<\/div>\n\n\t\t\t<\/div>\n\t\t<\/div>\n\t\t\t<\/li>\n\t\t\t<li class=\"timeline-right\"> \n\t\t\t<div class=\"tl-circ\"><\/div>\n\t\t <div class=\"timeline-panel\">\n\t\t   <div class=\"tl-heading\">\n\t\t\t <div class=\"tl-content\">\n\n\t\t\t    \n\t\t\t\t\t\t<div class=\"timeline_pic pull-left\"><img decoding=\"async\" src=\"https:\/\/stanzautomation.de\/wp-content\/uploads\/elementor\/thumbs\/IMG_20180830_164048-scaled-oul6ue1faeim1ylfq54qitjlip2g0d7b5odkn2mzyg.jpg\" title=\"ozedf\" \/><\/div>\n\t\t\t\t\t\t<div class=\"be-desc\">\n\t\t\t\t\t\t\t<h2 class=\"be-title\">2017<\/h2>\t\t\t\t\t\t\t<div class=\"be-content\"><p>Expansion of construction capacities and increase of the in-house manufacturing rate to in excess of 70%<\/p><\/div>\t\t\t\t\t\t<\/div>\n\n\t\t\t\t\t\n\t\t\t\t<\/div>\n\n\t\t\t<\/div>\n\t\t<\/div>\n\t\t\t<\/li>\n\t\t\t<li class=\"timeline-inverted\"> \n\t\t\t<div class=\"tl-circ\"><\/div>\n\t\t <div class=\"timeline-panel\">\n\t\t   <div class=\"tl-heading\">\n\t\t\t <div class=\"tl-content\">\n\n\t\t\t    \n\t\t\t\t\t\t<div class=\"timeline_pic pull-left\"><img decoding=\"async\" src=\"https:\/\/stanzautomation.de\/wp-content\/uploads\/2020\/07\/IMG_0113_1.jpg\" title=\"IMG_0113_1\" \/><\/div>\n\t\t\t\t\t\t<div class=\"be-desc\">\n\t\t\t\t\t\t\t<h2 class=\"be-title\">May 2017<\/h2>\t\t\t\t\t\t\t<div class=\"be-content\"><p>Wir freuen uns auf Ihren Besuch am neuen Standort<\/p><\/div>\t\t\t\t\t\t<\/div>\n\n\t\t\t\t\t\n\t\t\t\t<\/div>\n\n\t\t\t<\/div>\n\t\t<\/div>\n\t\t\t<\/li>\n\t\t\t<li class=\"timeline-right\"> \n\t\t\t<div class=\"tl-circ\"><\/div>\n\t\t <div class=\"timeline-panel\">\n\t\t   <div class=\"tl-heading\">\n\t\t\t <div class=\"tl-content\">\n\n\t\t\t    \n\t\t\t\t\t\t\n\t\t\t\t\t\t<div class=\"be-desc\">\n\t\t\t\t\t\t\t<h2 class=\"be-title\">May 2017<\/h2>\t\t\t\t\t\t\t<div class=\"be-content\"><table style=\"border-collapse: collapse;width: 100%\">\n<tbody>\n<tr>\n<td style=\"width: 50%\"><img loading=\"lazy\" decoding=\"async\" class=\"alignnone wp-image-2239 size-medium\" src=\"https:\/\/stanzautomation.de\/wp-content\/uploads\/2020\/07\/IMG-20180127-WA0014-300x225.jpg\" alt=\"\" width=\"300\" height=\"225\" srcset=\"https:\/\/stanzautomation.de\/wp-content\/uploads\/2020\/07\/IMG-20180127-WA0014-300x225.jpg 300w, https:\/\/stanzautomation.de\/wp-content\/uploads\/2020\/07\/IMG-20180127-WA0014-768x576.jpg 768w, https:\/\/stanzautomation.de\/wp-content\/uploads\/2020\/07\/IMG-20180127-WA0014.jpg 1024w\" sizes=\"auto, (max-width: 300px) 100vw, 300px\" \/><\/td>\n<td style=\"width: 50%\"><img loading=\"lazy\" decoding=\"async\" class=\"alignnone wp-image-2237 size-medium\" src=\"https:\/\/stanzautomation.de\/wp-content\/uploads\/2020\/07\/IMG_8870-scaled-e1598626770186-300x225.jpg\" alt=\"\" width=\"300\" height=\"225\" srcset=\"https:\/\/stanzautomation.de\/wp-content\/uploads\/2020\/07\/IMG_8870-scaled-e1598626770186-300x225.jpg 300w, https:\/\/stanzautomation.de\/wp-content\/uploads\/2020\/07\/IMG_8870-scaled-e1598626770186-1024x767.jpg 1024w, https:\/\/stanzautomation.de\/wp-content\/uploads\/2020\/07\/IMG_8870-scaled-e1598626770186-768x575.jpg 768w, https:\/\/stanzautomation.de\/wp-content\/uploads\/2020\/07\/IMG_8870-scaled-e1598626770186-1536x1151.jpg 1536w, https:\/\/stanzautomation.de\/wp-content\/uploads\/2020\/07\/IMG_8870-scaled-e1598626770186.jpg 1990w\" sizes=\"auto, (max-width: 300px) 100vw, 300px\" \/><\/td>\n<\/tr>\n<\/tbody>\n<\/table>\n<p>The new assembly hall<\/p><\/div>\t\t\t\t\t\t<\/div>\n\n\t\t\t\t\t\n\t\t\t\t<\/div>\n\n\t\t\t<\/div>\n\t\t<\/div>\n\t\t\t<\/li>\n\t\t\t<li class=\"timeline-inverted\"> \n\t\t\t<div class=\"tl-circ\"><\/div>\n\t\t <div class=\"timeline-panel\">\n\t\t   <div class=\"tl-heading\">\n\t\t\t <div class=\"tl-content\">\n\n\t\t\t    \n\t\t\t\t\t\t\n\t\t\t\t\t\t<div class=\"be-desc\">\n\t\t\t\t\t\t\t<h2 class=\"be-title\">June 2016<\/h2>\t\t\t\t\t\t\t<div class=\"be-content\"><table style=\"border-collapse: collapse;width: 100%\">\n<tbody>\n<tr>\n<td style=\"width: 50%\"><img loading=\"lazy\" decoding=\"async\" class=\"alignnone size-medium wp-image-2245\" src=\"https:\/\/stanzautomation.de\/wp-content\/uploads\/2020\/07\/IMG_4817-300x225.jpg\" alt=\"\" width=\"300\" height=\"225\" srcset=\"https:\/\/stanzautomation.de\/wp-content\/uploads\/2020\/07\/IMG_4817-300x225.jpg 300w, https:\/\/stanzautomation.de\/wp-content\/uploads\/2020\/07\/IMG_4817-768x576.jpg 768w, https:\/\/stanzautomation.de\/wp-content\/uploads\/2020\/07\/IMG_4817.jpg 1024w\" sizes=\"auto, (max-width: 300px) 100vw, 300px\" \/><\/td>\n<td style=\"width: 50%\"><img loading=\"lazy\" decoding=\"async\" class=\"alignnone size-medium wp-image-2242\" src=\"https:\/\/stanzautomation.de\/wp-content\/uploads\/2020\/07\/20160730_160219-300x225.jpg\" alt=\"\" width=\"300\" height=\"225\" srcset=\"https:\/\/stanzautomation.de\/wp-content\/uploads\/2020\/07\/20160730_160219-300x225.jpg 300w, https:\/\/stanzautomation.de\/wp-content\/uploads\/2020\/07\/20160730_160219-1024x768.jpg 1024w, https:\/\/stanzautomation.de\/wp-content\/uploads\/2020\/07\/20160730_160219-768x576.jpg 768w, https:\/\/stanzautomation.de\/wp-content\/uploads\/2020\/07\/20160730_160219-1536x1152.jpg 1536w, https:\/\/stanzautomation.de\/wp-content\/uploads\/2020\/07\/20160730_160219-2048x1536.jpg 2048w\" sizes=\"auto, (max-width: 300px) 100vw, 300px\" \/><\/td>\n<\/tr>\n<\/tbody>\n<\/table>\n<p>Laying of the foundation stone for the new workshop in \u00d6lbronn-D\u00fcrrn<\/p><\/div>\t\t\t\t\t\t<\/div>\n\n\t\t\t\t\t\n\t\t\t\t<\/div>\n\n\t\t\t<\/div>\n\t\t<\/div>\n\t\t\t<\/li>\n\t\t\t<li class=\"timeline-right\"> \n\t\t\t<div class=\"tl-circ\"><\/div>\n\t\t <div class=\"timeline-panel\">\n\t\t   <div class=\"tl-heading\">\n\t\t\t <div class=\"tl-content\">\n\n\t\t\t    \n\t\t\t\t\t\t<div class=\"timeline_pic pull-left\"><img decoding=\"async\" src=\"https:\/\/stanzautomation.de\/wp-content\/uploads\/2020\/07\/IMG_4796-scaled.jpg\" title=\"IMG_4796\" \/><\/div>\n\t\t\t\t\t\t<div class=\"be-desc\">\n\t\t\t\t\t\t\t<h2 class=\"be-title\">2016<\/h2>\t\t\t\t\t\t\t<div class=\"be-content\"><p>More than 2300 high-end machines supplied to satisfied customers around the globe.<\/p><\/div>\t\t\t\t\t\t<\/div>\n\n\t\t\t\t\t\n\t\t\t\t<\/div>\n\n\t\t\t<\/div>\n\t\t<\/div>\n\t\t\t<\/li>\n\t\t\t<li class=\"timeline-inverted\"> \n\t\t\t<div class=\"tl-circ\"><\/div>\n\t\t <div class=\"timeline-panel\">\n\t\t   <div class=\"tl-heading\">\n\t\t\t <div class=\"tl-content\">\n\n\t\t\t    \n\t\t\t\t\t\t\n\t\t\t\t\t\t<div class=\"be-desc\">\n\t\t\t\t\t\t\t<h2 class=\"be-title\">2014<\/h2>\t\t\t\t\t\t\t<div class=\"be-content\"><p>25 highly-qualified employees work in Development &amp; Construction, Manufacturing and Assembly<\/p><\/div>\t\t\t\t\t\t<\/div>\n\n\t\t\t\t\t\n\t\t\t\t<\/div>\n\n\t\t\t<\/div>\n\t\t<\/div>\n\t\t\t<\/li>\n\t\t\t<li class=\"timeline-right\"> \n\t\t\t<div class=\"tl-circ\"><\/div>\n\t\t <div class=\"timeline-panel\">\n\t\t   <div class=\"tl-heading\">\n\t\t\t <div class=\"tl-content\">\n\n\t\t\t    \n\t\t\t\t\t\t<div class=\"timeline_pic pull-left\"><img decoding=\"async\" src=\"https:\/\/stanzautomation.de\/wp-content\/uploads\/elementor\/thumbs\/IMG_8957-scaled-oumx8fe1wt68ac3mg05zj1h1q6murjtdyj3tbkezyg.jpg\" title=\"IMG_8957\" \/><\/div>\n\t\t\t\t\t\t<div class=\"be-desc\">\n\t\t\t\t\t\t\t<h2 class=\"be-title\">2010<\/h2>\t\t\t\t\t\t\t<div class=\"be-content\"><p>Development of the laser-based LSM range<\/p><\/div>\t\t\t\t\t\t<\/div>\n\n\t\t\t\t\t\n\t\t\t\t<\/div>\n\n\t\t\t<\/div>\n\t\t<\/div>\n\t\t\t<\/li>\n\t\t\t<li class=\"timeline-inverted\"> \n\t\t\t<div class=\"tl-circ\"><\/div>\n\t\t <div class=\"timeline-panel\">\n\t\t   <div class=\"tl-heading\">\n\t\t\t <div class=\"tl-content\">\n\n\t\t\t    \n\t\t\t\t\t\t\n\t\t\t\t\t\t<div class=\"be-desc\">\n\t\t\t\t\t\t\t<h2 class=\"be-title\">2005<\/h2>\t\t\t\t\t\t\t<div class=\"be-content\"><p>\nMove to Bretten-G\u00f6lshausen<br><br>\n\nIntroduction of erosion technology for high-precision components. Market introduction of the modular RSM range\n<\/p><\/div>\t\t\t\t\t\t<\/div>\n\n\t\t\t\t\t\n\t\t\t\t<\/div>\n\n\t\t\t<\/div>\n\t\t<\/div>\n\t\t\t<\/li>\n\t\t\t<li class=\"timeline-right\"> \n\t\t\t<div class=\"tl-circ\"><\/div>\n\t\t <div class=\"timeline-panel\">\n\t\t   <div class=\"tl-heading\">\n\t\t\t <div class=\"tl-content\">\n\n\t\t\t    \n\t\t\t\t\t\t<div class=\"timeline_pic pull-left\"><img decoding=\"async\" src=\"https:\/\/stanzautomation.de\/wp-content\/uploads\/2020\/07\/IMG_1978.jpg\" title=\"IMG_1978\" \/><\/div>\n\t\t\t\t\t\t<div class=\"be-desc\">\n\t\t\t\t\t\t\t<h2 class=\"be-title\">2004<\/h2>\t\t\t\t\t\t\t<div class=\"be-content\"><p>Move to Bretten<br><br>\n\nIncrease of the number of employees to 18. Start of manufacturing with milling, turning and grinding technology<\/p><\/div>\t\t\t\t\t\t<\/div>\n\n\t\t\t\t\t\n\t\t\t\t<\/div>\n\n\t\t\t<\/div>\n\t\t<\/div>\n\t\t\t<\/li>\n\t\t\t<li class=\"timeline-inverted\"> \n\t\t\t<div class=\"tl-circ\"><\/div>\n\t\t <div class=\"timeline-panel\">\n\t\t   <div class=\"tl-heading\">\n\t\t\t <div class=\"tl-content\">\n\n\t\t\t    \n\t\t\t\t\t\t\n\t\t\t\t\t\t<div class=\"be-desc\">\n\t\t\t\t\t\t\t<h2 class=\"be-title\">1999<\/h2>\t\t\t\t\t\t\t<div class=\"be-content\"><p>\nIncrease of the number of employees to 7<br><br>\n\n Development and construction of peripheral equipment for punching and forming technology\n<\/p><\/div>\t\t\t\t\t\t<\/div>\n\n\t\t\t\t\t\n\t\t\t\t<\/div>\n\n\t\t\t<\/div>\n\t\t<\/div>\n\t\t\t<\/li>\n\t\t\t<li class=\"timeline-right\"> \n\t\t\t<div class=\"tl-circ\"><\/div>\n\t\t <div class=\"timeline-panel\">\n\t\t   <div class=\"tl-heading\">\n\t\t\t <div class=\"tl-content\">\n\n\t\t\t    \n\t\t\t\t\t\t\n\t\t\t\t\t\t<div class=\"be-desc\">\n\t\t\t\t\t\t\t<h2 class=\"be-title\">1998<\/h2>\t\t\t\t\t\t\t<div class=\"be-content\"><p>\nMove to larger company premises\n<\/p><\/div>\t\t\t\t\t\t<\/div>\n\n\t\t\t\t\t\n\t\t\t\t<\/div>\n\n\t\t\t<\/div>\n\t\t<\/div>\n\t\t\t<\/li>\n\t\t\t<li class=\"timeline-inverted\"> \n\t\t\t<div class=\"tl-circ\"><\/div>\n\t\t <div class=\"timeline-panel\">\n\t\t   <div class=\"tl-heading\">\n\t\t\t <div class=\"tl-content\">\n\n\t\t\t    \n\t\t\t\t\t\t\n\t\t\t\t\t\t<div class=\"be-desc\">\n\t\t\t\t\t\t\t<h2 class=\"be-title\">1995<\/h2>\t\t\t\t\t\t\t<div class=\"be-content\"><p>\nFoundation as a one-man operation<br><br>\n\nDevelopment and construction of the first resistance and arc welding machines\n<\/p><\/div>\t\t\t\t\t\t<\/div>\n\n\t\t\t\t\t\n\t\t\t\t<\/div>\n\n\t\t\t<\/div>\n\t\t<\/div>\n\t\t\t<\/li>\n\t\t\t \n      <\/ul>\n\n\t\t\t\t\t<\/div>\n\t\t\t\t<\/div>\n\t\t\t\t\t<\/div>\n\t\t<\/div>\n\t\t\t\t\t<\/div>\n\t\t<\/section>\n\t\t\t\t\t<\/div>\n\t\t<\/div>\n\t\t\t\t\t<\/div>\n\t\t<\/section>\n\t\t\t\t<section class=\"elementor-section elementor-top-section elementor-element elementor-element-5dcd270c elementor-section-stretched elementor-section-full_width elementor-section-height-default elementor-section-height-default\" data-id=\"5dcd270c\" data-element_type=\"section\" data-settings=\"{&quot;stretch_section&quot;:&quot;section-stretched&quot;}\">\n\t\t\t\t\t\t<div class=\"elementor-container elementor-column-gap-default\">\n\t\t\t\t\t<div class=\"elementor-column elementor-col-100 elementor-top-column elementor-element elementor-element-a55a\" data-id=\"a55a\" data-element_type=\"column\">\n\t\t\t<div class=\"elementor-widget-wrap elementor-element-populated\">\n\t\t\t\t\t\t<div class=\"elementor-element elementor-element-a6b304d elementor-widget elementor-widget-spacer\" data-id=\"a6b304d\" data-element_type=\"widget\" data-widget_type=\"spacer.default\">\n\t\t\t\t<div class=\"elementor-widget-container\">\n\t\t\t\t\t\t\t<div class=\"elementor-spacer\">\n\t\t\t<div class=\"elementor-spacer-inner\"><\/div>\n\t\t<\/div>\n\t\t\t\t\t\t<\/div>\n\t\t\t\t<\/div>\n\t\t\t\t\t<\/div>\n\t\t<\/div>\n\t\t\t\t\t<\/div>\n\t\t<\/section>\n\t\t\t\t<\/div>","protected":false},"excerpt":{"rendered":"<p>Meilensteine 25 Jahre Hightech made in Germany Mai 2020 Lieferung und Inbetriebnahme einer Roboter-unterst\u00fctzten Automatisierungsl\u00f6sung von Hermle Mai 2020 2019 \u00dcber 3000 Maschinen weltweit ausgeliefert. 2019 2. Hermle 5-Achs-Berarbeitungsmaschine C650 &hellip; <\/p>\n<p class=\"link-more\"><a href=\"https:\/\/stanzautomation.de\/en\/meilensteine\" class=\"more-link\">Continue reading<span class=\"screen-reader-text\"> &#8222;Meilensteine&#8220;<\/span><\/a><\/p>","protected":false},"author":1,"featured_media":0,"parent":0,"menu_order":0,"comment_status":"closed","ping_status":"closed","template":"","meta":{"footnotes":""},"class_list":["post-2202","page","type-page","status-publish","hentry"],"_links":{"self":[{"href":"https:\/\/stanzautomation.de\/en\/wp-json\/wp\/v2\/pages\/2202","targetHints":{"allow":["GET"]}}],"collection":[{"href":"https:\/\/stanzautomation.de\/en\/wp-json\/wp\/v2\/pages"}],"about":[{"href":"https:\/\/stanzautomation.de\/en\/wp-json\/wp\/v2\/types\/page"}],"author":[{"embeddable":true,"href":"https:\/\/stanzautomation.de\/en\/wp-json\/wp\/v2\/users\/1"}],"replies":[{"embeddable":true,"href":"https:\/\/stanzautomation.de\/en\/wp-json\/wp\/v2\/comments?post=2202"}],"version-history":[{"count":70,"href":"https:\/\/stanzautomation.de\/en\/wp-json\/wp\/v2\/pages\/2202\/revisions"}],"predecessor-version":[{"id":3625,"href":"https:\/\/stanzautomation.de\/en\/wp-json\/wp\/v2\/pages\/2202\/revisions\/3625"}],"wp:attachment":[{"href":"https:\/\/stanzautomation.de\/en\/wp-json\/wp\/v2\/media?parent=2202"}],"curies":[{"name":"wp","href":"https:\/\/api.w.org\/{rel}","templated":true}]}}